{"id":3034,"date":"2026-01-08T22:50:43","date_gmt":"2026-01-08T22:50:43","guid":{"rendered":"https:\/\/www.kes.lt\/produktas\/12-x-24-m-2\/"},"modified":"2026-01-08T22:50:43","modified_gmt":"2026-01-08T22:50:43","slug":"12-x-24-m-2","status":"publish","type":"product","link":"https:\/\/www.kes.lt\/sv\/produktas\/12-x-24-m-2\/","title":{"rendered":"12 x 24 m"},"content":{"rendered":"<!--[if lt IE 9]><script>document.createElement('video');<\/script><![endif]-->\n\t<div class=\"wp-playlist wp-video-playlist wp-playlist-light\">\n\t\t<video controls=\"controls\" preload=\"none\" width=\"640\"\n\t\t height=\"480\"\t><\/video>\n\t<div class=\"wp-playlist-next\"><\/div>\n\t<div class=\"wp-playlist-prev\"><\/div>\n\t<noscript>\n\t<ol>\n\t\t<li><a href='https:\/\/www.kes.lt\/wp-content\/uploads\/2026\/01\/8f143ad3-85b0-456b-95bf-19bc0d0b78ad_0-1-1.mp4'>8f143ad3-85b0-456b-95bf-19bc0d0b78ad_0 (1)<\/a><\/li>\t<\/ol>\n\t<\/noscript>\n\t<script type=\"application\/json\" class=\"wp-playlist-script\">{\"type\":\"video\",\"tracklist\":false,\"tracknumbers\":true,\"images\":true,\"artists\":true,\"tracks\":[{\"src\":\"https:\\\/\\\/www.kes.lt\\\/wp-content\\\/uploads\\\/2026\\\/01\\\/8f143ad3-85b0-456b-95bf-19bc0d0b78ad_0-1-1.mp4\",\"type\":\"video\\\/mp4\",\"title\":\"8f143ad3-85b0-456b-95bf-19bc0d0b78ad_0 (1)\",\"caption\":\"\",\"description\":\"\",\"meta\":{\"length_formatted\":\"0:10\"},\"dimensions\":{\"original\":{\"width\":1664,\"height\":1248},\"resized\":{\"width\":640,\"height\":480}},\"image\":{\"src\":\"https:\\\/\\\/www.kes.lt\\\/wp-includes\\\/images\\\/media\\\/video.svg\",\"width\":48,\"height\":64},\"thumb\":{\"src\":\"https:\\\/\\\/www.kes.lt\\\/wp-includes\\\/images\\\/media\\\/video.svg\",\"width\":48,\"height\":64}}]}<\/script>\n<\/div>\n\t\n","protected":false},"excerpt":{"rendered":"<h4>\u00c4r du intresserad av denna hangar? F\u00e5 en individuell offert <\/h4>\n[wpforms id=\"16\"]\n","protected":false},"featured_media":3033,"template":"","meta":{"site-sidebar-layout":"default","site-content-layout":"","ast-site-content-layout":"default","site-content-style":"default","site-sidebar-style":"default","ast-global-header-display":"","ast-banner-title-visibility":"","ast-main-header-display":"","ast-hfb-above-header-display":"","ast-hfb-below-header-display":"","ast-hfb-mobile-header-display":"","site-post-title":"","ast-breadcrumbs-content":"","ast-featured-img":"","footer-sml-layout":"","theme-transparent-header-meta":"default","adv-header-id-meta":"","stick-header-meta":"default","header-above-stick-meta":"","header-main-stick-meta":"","header-below-stick-meta":"","astra-migrate-meta-layouts":"default","ast-page-background-enabled":"default","ast-page-background-meta":{"desktop":{"background-color":"","background-image":"","background-repeat":"repeat","background-position":"center center","background-size":"auto","background-attachment":"scroll","background-type":"","background-media":"","overlay-type":"","overlay-color":"","overlay-opacity":"","overlay-gradient":""},"tablet":{"background-color":"","background-image":"","background-repeat":"repeat","background-position":"center center","background-size":"auto","background-attachment":"scroll","background-type":"","background-media":"","overlay-type":"","overlay-color":"","overlay-opacity":"","overlay-gradient":""},"mobile":{"background-color":"","background-image":"","background-repeat":"repeat","background-position":"center center","background-size":"auto","background-attachment":"scroll","background-type":"","background-media":"","overlay-type":"","overlay-color":"","overlay-opacity":"","overlay-gradient":""}},"ast-content-background-meta":{"desktop":{"background-color":"var(--ast-global-color-5)","background-image":"","background-repeat":"repeat","background-position":"center center","background-size":"auto","background-attachment":"scroll","background-type":"","background-media":"","overlay-type":"","overlay-color":"","overlay-opacity":"","overlay-gradient":""},"tablet":{"background-color":"var(--ast-global-color-5)","background-image":"","background-repeat":"repeat","background-position":"center center","background-size":"auto","background-attachment":"scroll","background-type":"","background-media":"","overlay-type":"","overlay-color":"","overlay-opacity":"","overlay-gradient":""},"mobile":{"background-color":"var(--ast-global-color-5)","background-image":"","background-repeat":"repeat","background-position":"center center","background-size":"auto","background-attachment":"scroll","background-type":"","background-media":"","overlay-type":"","overlay-color":"","overlay-opacity":"","overlay-gradient":""}}},"product_brand":[],"product_cat":[73],"product_tag":[],"class_list":{"0":"post-3034","1":"product","2":"type-product","3":"status-publish","4":"has-post-thumbnail","6":"product_cat-katalog","7":"desktop-align-center","8":"tablet-align-left","9":"mobile-align-left","10":"ast-product-gallery-layout-horizontal-slider","11":"ast-product-tabs-layout-horizontal","13":"first","14":"instock","15":"shipping-taxable","16":"product-type-simple"},"yoast_head":"<!-- This site is optimized with the Yoast SEO Premium plugin v23.2 (Yoast SEO v23.2) - https:\/\/yoast.com\/wordpress\/plugins\/seo\/ -->\n<title>12 x 24 m | KES Statyba<\/title>\n<meta name=\"description\" content=\"Industriell st\u00e5lhangar, anpassad f\u00f6r lagring, produktion eller teknik. Snabb installation och individuella l\u00f6sningar f\u00f6r din verksamhet.\" \/>\n<meta name=\"robots\" content=\"index, follow, max-snippet:-1, max-image-preview:large, max-video-preview:-1\" \/>\n<link rel=\"canonical\" href=\"https:\/\/www.kes.lt\/sv\/produktas\/12-x-24-m-2\/\" \/>\n<meta property=\"og:locale\" content=\"sv_SE\" \/>\n<meta property=\"og:type\" content=\"article\" \/>\n<meta property=\"og:title\" content=\"12 x 24 m\" \/>\n<meta property=\"og:description\" content=\"Industriell st\u00e5lhangar, anpassad f\u00f6r lagring, produktion eller teknik. Snabb installation och individuella l\u00f6sningar f\u00f6r din verksamhet.\" \/>\n<meta property=\"og:url\" content=\"https:\/\/www.kes.lt\/sv\/produktas\/12-x-24-m-2\/\" \/>\n<meta property=\"og:site_name\" content=\"KES Statyba\" \/>\n<meta property=\"article:publisher\" content=\"https:\/\/www.facebook.com\/profile.php?id=61555989451971\" \/>\n<meta property=\"og:image\" content=\"https:\/\/www.kes.lt\/wp-content\/uploads\/2026\/01\/KES-12x24-2507251.jpg\" \/>\n\t<meta property=\"og:image:width\" content=\"1920\" \/>\n\t<meta property=\"og:image:height\" content=\"1536\" \/>\n\t<meta property=\"og:image:type\" content=\"image\/jpeg\" \/>\n<meta name=\"twitter:card\" content=\"summary_large_image\" \/>\n<script type=\"application\/ld+json\" class=\"yoast-schema-graph\">{\"@context\":\"https:\/\/schema.org\",\"@graph\":[{\"@type\":\"WebPage\",\"@id\":\"https:\/\/www.kes.lt\/sv\/produktas\/12-x-24-m-2\/\",\"url\":\"https:\/\/www.kes.lt\/sv\/produktas\/12-x-24-m-2\/\",\"name\":\"12 x 24 m | KES Statyba\",\"isPartOf\":{\"@id\":\"https:\/\/www.kes.lt\/sv\/#website\"},\"primaryImageOfPage\":{\"@id\":\"https:\/\/www.kes.lt\/sv\/produktas\/12-x-24-m-2\/#primaryimage\"},\"image\":{\"@id\":\"https:\/\/www.kes.lt\/sv\/produktas\/12-x-24-m-2\/#primaryimage\"},\"thumbnailUrl\":\"https:\/\/www.kes.lt\/wp-content\/uploads\/2026\/01\/KES-12x24-2507251.jpg\",\"datePublished\":\"2026-01-08T22:50:43+00:00\",\"dateModified\":\"2026-01-08T22:50:43+00:00\",\"description\":\"Industriell st\u00e5lhangar, anpassad f\u00f6r lagring, produktion eller teknik. Snabb installation och individuella l\u00f6sningar f\u00f6r din verksamhet.\",\"breadcrumb\":{\"@id\":\"https:\/\/www.kes.lt\/sv\/produktas\/12-x-24-m-2\/#breadcrumb\"},\"inLanguage\":\"sv-SE\",\"potentialAction\":[{\"@type\":\"ReadAction\",\"target\":[\"https:\/\/www.kes.lt\/sv\/produktas\/12-x-24-m-2\/\"]}]},{\"@type\":\"ImageObject\",\"inLanguage\":\"sv-SE\",\"@id\":\"https:\/\/www.kes.lt\/sv\/produktas\/12-x-24-m-2\/#primaryimage\",\"url\":\"https:\/\/www.kes.lt\/wp-content\/uploads\/2026\/01\/KES-12x24-2507251.jpg\",\"contentUrl\":\"https:\/\/www.kes.lt\/wp-content\/uploads\/2026\/01\/KES-12x24-2507251.jpg\",\"width\":1920,\"height\":1536},{\"@type\":\"BreadcrumbList\",\"@id\":\"https:\/\/www.kes.lt\/sv\/produktas\/12-x-24-m-2\/#breadcrumb\",\"itemListElement\":[{\"@type\":\"ListItem\",\"position\":1,\"name\":\"Home\",\"item\":\"https:\/\/www.kes.lt\/sv\/huvudsida\/\"},{\"@type\":\"ListItem\",\"position\":2,\"name\":\"Butik\",\"item\":\"https:\/\/www.kes.lt\/sv\/butik\/\"},{\"@type\":\"ListItem\",\"position\":3,\"name\":\"12 x 24 m\"}]},{\"@type\":\"WebSite\",\"@id\":\"https:\/\/www.kes.lt\/sv\/#website\",\"url\":\"https:\/\/www.kes.lt\/sv\/\",\"name\":\"KES Statyba\",\"description\":\"Angar\u0173 statyba - geriausios kainos rinkoje!\",\"publisher\":{\"@id\":\"https:\/\/www.kes.lt\/sv\/#organization\"},\"potentialAction\":[{\"@type\":\"SearchAction\",\"target\":{\"@type\":\"EntryPoint\",\"urlTemplate\":\"https:\/\/www.kes.lt\/sv\/?s={search_term_string}\"},\"query-input\":\"required name=search_term_string\"}],\"inLanguage\":\"sv-SE\"},{\"@type\":\"Organization\",\"@id\":\"https:\/\/www.kes.lt\/sv\/#organization\",\"name\":\"KES Statyba\",\"url\":\"https:\/\/www.kes.lt\/sv\/\",\"logo\":{\"@type\":\"ImageObject\",\"inLanguage\":\"sv-SE\",\"@id\":\"https:\/\/www.kes.lt\/sv\/#\/schema\/logo\/image\/\",\"url\":\"https:\/\/www.kes.lt\/wp-content\/uploads\/2024\/01\/cropped-kes-statyba-logo-didelis.png\",\"contentUrl\":\"https:\/\/www.kes.lt\/wp-content\/uploads\/2024\/01\/cropped-kes-statyba-logo-didelis.png\",\"width\":600,\"height\":220,\"caption\":\"KES Statyba\"},\"image\":{\"@id\":\"https:\/\/www.kes.lt\/sv\/#\/schema\/logo\/image\/\"},\"sameAs\":[\"https:\/\/www.facebook.com\/profile.php?id=61555989451971\",\"https:\/\/www.instagram.com\/kesstatyba?igsh=MWN4amNrazlsenllYQ==\"],\"email\":\"info@kes.lt\"}]}<\/script>\n<!-- \/ Yoast SEO Premium plugin. -->","yoast_head_json":{"title":"12 x 24 m | KES Statyba","description":"Industriell st\u00e5lhangar, anpassad f\u00f6r lagring, produktion eller teknik. Snabb installation och individuella l\u00f6sningar f\u00f6r din verksamhet.","robots":{"index":"index","follow":"follow","max-snippet":"max-snippet:-1","max-image-preview":"max-image-preview:large","max-video-preview":"max-video-preview:-1"},"canonical":"https:\/\/www.kes.lt\/sv\/produktas\/12-x-24-m-2\/","og_locale":"sv_SE","og_type":"article","og_title":"12 x 24 m","og_description":"Industriell st\u00e5lhangar, anpassad f\u00f6r lagring, produktion eller teknik. Snabb installation och individuella l\u00f6sningar f\u00f6r din verksamhet.","og_url":"https:\/\/www.kes.lt\/sv\/produktas\/12-x-24-m-2\/","og_site_name":"KES Statyba","article_publisher":"https:\/\/www.facebook.com\/profile.php?id=61555989451971","og_image":[{"width":1920,"height":1536,"url":"https:\/\/www.kes.lt\/wp-content\/uploads\/2026\/01\/KES-12x24-2507251.jpg","type":"image\/jpeg"}],"twitter_card":"summary_large_image","schema":{"@context":"https:\/\/schema.org","@graph":[{"@type":"WebPage","@id":"https:\/\/www.kes.lt\/sv\/produktas\/12-x-24-m-2\/","url":"https:\/\/www.kes.lt\/sv\/produktas\/12-x-24-m-2\/","name":"12 x 24 m | KES Statyba","isPartOf":{"@id":"https:\/\/www.kes.lt\/sv\/#website"},"primaryImageOfPage":{"@id":"https:\/\/www.kes.lt\/sv\/produktas\/12-x-24-m-2\/#primaryimage"},"image":{"@id":"https:\/\/www.kes.lt\/sv\/produktas\/12-x-24-m-2\/#primaryimage"},"thumbnailUrl":"https:\/\/www.kes.lt\/wp-content\/uploads\/2026\/01\/KES-12x24-2507251.jpg","datePublished":"2026-01-08T22:50:43+00:00","dateModified":"2026-01-08T22:50:43+00:00","description":"Industriell st\u00e5lhangar, anpassad f\u00f6r lagring, produktion eller teknik. Snabb installation och individuella l\u00f6sningar f\u00f6r din verksamhet.","breadcrumb":{"@id":"https:\/\/www.kes.lt\/sv\/produktas\/12-x-24-m-2\/#breadcrumb"},"inLanguage":"sv-SE","potentialAction":[{"@type":"ReadAction","target":["https:\/\/www.kes.lt\/sv\/produktas\/12-x-24-m-2\/"]}]},{"@type":"ImageObject","inLanguage":"sv-SE","@id":"https:\/\/www.kes.lt\/sv\/produktas\/12-x-24-m-2\/#primaryimage","url":"https:\/\/www.kes.lt\/wp-content\/uploads\/2026\/01\/KES-12x24-2507251.jpg","contentUrl":"https:\/\/www.kes.lt\/wp-content\/uploads\/2026\/01\/KES-12x24-2507251.jpg","width":1920,"height":1536},{"@type":"BreadcrumbList","@id":"https:\/\/www.kes.lt\/sv\/produktas\/12-x-24-m-2\/#breadcrumb","itemListElement":[{"@type":"ListItem","position":1,"name":"Home","item":"https:\/\/www.kes.lt\/sv\/huvudsida\/"},{"@type":"ListItem","position":2,"name":"Butik","item":"https:\/\/www.kes.lt\/sv\/butik\/"},{"@type":"ListItem","position":3,"name":"12 x 24 m"}]},{"@type":"WebSite","@id":"https:\/\/www.kes.lt\/sv\/#website","url":"https:\/\/www.kes.lt\/sv\/","name":"KES Statyba","description":"Angar\u0173 statyba - geriausios kainos rinkoje!","publisher":{"@id":"https:\/\/www.kes.lt\/sv\/#organization"},"potentialAction":[{"@type":"SearchAction","target":{"@type":"EntryPoint","urlTemplate":"https:\/\/www.kes.lt\/sv\/?s={search_term_string}"},"query-input":"required name=search_term_string"}],"inLanguage":"sv-SE"},{"@type":"Organization","@id":"https:\/\/www.kes.lt\/sv\/#organization","name":"KES Statyba","url":"https:\/\/www.kes.lt\/sv\/","logo":{"@type":"ImageObject","inLanguage":"sv-SE","@id":"https:\/\/www.kes.lt\/sv\/#\/schema\/logo\/image\/","url":"https:\/\/www.kes.lt\/wp-content\/uploads\/2024\/01\/cropped-kes-statyba-logo-didelis.png","contentUrl":"https:\/\/www.kes.lt\/wp-content\/uploads\/2024\/01\/cropped-kes-statyba-logo-didelis.png","width":600,"height":220,"caption":"KES Statyba"},"image":{"@id":"https:\/\/www.kes.lt\/sv\/#\/schema\/logo\/image\/"},"sameAs":["https:\/\/www.facebook.com\/profile.php?id=61555989451971","https:\/\/www.instagram.com\/kesstatyba?igsh=MWN4amNrazlsenllYQ=="],"email":"info@kes.lt"}]}},"_links":{"self":[{"href":"https:\/\/www.kes.lt\/sv\/wp-json\/wp\/v2\/product\/3034","targetHints":{"allow":["GET"]}}],"collection":[{"href":"https:\/\/www.kes.lt\/sv\/wp-json\/wp\/v2\/product"}],"about":[{"href":"https:\/\/www.kes.lt\/sv\/wp-json\/wp\/v2\/types\/product"}],"wp:featuredmedia":[{"embeddable":true,"href":"https:\/\/www.kes.lt\/sv\/wp-json\/wp\/v2\/media\/3033"}],"wp:attachment":[{"href":"https:\/\/www.kes.lt\/sv\/wp-json\/wp\/v2\/media?parent=3034"}],"wp:term":[{"taxonomy":"product_brand","embeddable":true,"href":"https:\/\/www.kes.lt\/sv\/wp-json\/wp\/v2\/product_brand?post=3034"},{"taxonomy":"product_cat","embeddable":true,"href":"https:\/\/www.kes.lt\/sv\/wp-json\/wp\/v2\/product_cat?post=3034"},{"taxonomy":"product_tag","embeddable":true,"href":"https:\/\/www.kes.lt\/sv\/wp-json\/wp\/v2\/product_tag?post=3034"}],"curies":[{"name":"wp","href":"https:\/\/api.w.org\/{rel}","templated":true}]}}