{"id":2896,"date":"2024-02-26T22:43:54","date_gmt":"2024-02-26T22:43:54","guid":{"rendered":"https:\/\/www.kes.lt\/integritetspolicy\/"},"modified":"2026-01-07T18:23:06","modified_gmt":"2026-01-07T18:23:06","slug":"integritetspolicy","status":"publish","type":"page","link":"https:\/\/www.kes.lt\/sv\/integritetspolicy\/","title":{"rendered":"Integritetspolicy"},"content":{"rendered":"\t\t<div data-elementor-type=\"wp-page\" data-elementor-id=\"2896\" class=\"elementor elementor-2896 elementor-1611\">\n\t\t\t\t<div class=\"elementor-element elementor-element-fdd1100 e-flex e-con-boxed e-con e-parent\" data-id=\"fdd1100\" data-element_type=\"container\">\n\t\t\t\t\t<div class=\"e-con-inner\">\n\t\t\t\t<div class=\"elementor-element elementor-element-ed9d69b elementor-widget elementor-widget-text-editor\" data-id=\"ed9d69b\" data-element_type=\"widget\" data-widget_type=\"text-editor.default\">\n\t\t\t\t<div class=\"elementor-widget-container\">\n\t\t\t\t\t\t\t\t\t<h4>Integritetspolicy<\/h4><p>KES STATYBA samlar in och hanterar dina personuppgifter p\u00e5 webbplatsen www.kes.lt som tillh\u00f6r f\u00f6retaget.<\/p><p>Denna integritetspolicy f\u00f6rklarar hur www.kes.lt anv\u00e4nder dina personuppgifter och anger sk\u00e4len f\u00f6r insamlingen av dina personuppgifter. L\u00e4s d\u00e4rf\u00f6r detta dokument innan du surfar p\u00e5 webbplatsen www.kes.lt. <\/p><p>Vi garanterar s\u00e4kerheten och konfidentialiteten f\u00f6r dina personuppgifter.<\/p><h4>Personuppgifter som vi samlar in:<\/h4><p>N\u00e4r du surfar p\u00e5 www.kes.lt samlar vi automatiskt in viss information om din enhet \u2013 webbl\u00e4sare, IP-adress, tidszon och din enhets cookies. Vi samlar ocks\u00e5 in statistiska uppgifter om surfning p\u00e5 webbplatsen: sidor du bes\u00f6ker, produkter du tittar p\u00e5 och annan information om surfning p\u00e5 webbplatsen. Vi kallar denna automatiskt insamlade information f\u00f6r \u201dEnhetsinformation\u201d. Vi kan ocks\u00e5 samla in personuppgifter som du tillhandah\u00e5ller oss (namn, efternamn, adress, betalningsinformation etc.) n\u00e4r du skapar ett konto p\u00e5 v\u00e5r webbplats.   <\/p><h4>Varf\u00f6r samlar vi in dina uppgifter?<\/h4><p>S\u00e4kerheten f\u00f6r dina uppgifter \u00e4r extremt viktig f\u00f6r oss, d\u00e4rf\u00f6r samlar vi bara in och hanterar de mest n\u00f6dv\u00e4ndiga personuppgifterna, utan vilka vi inte kan s\u00e4kerst\u00e4lla en smidig drift av webbplatsen. Automatiskt insamlade uppgifter anv\u00e4nds i webbplatsanalyser. Vi f\u00f6rs\u00e4krar dock att det \u00e4r om\u00f6jligt att identifiera specifika anv\u00e4ndares identitet i den statistiska informationen.  <\/p><p>Du kan bes\u00f6ka v\u00e5r webbplats utan att l\u00e4mna n\u00e5gon information som kan anv\u00e4ndas f\u00f6r att identifiera din personliga identitet. Men om du vill anv\u00e4nda v\u00e5ra webbplatsfunktioner, vill f\u00e5 v\u00e5rt nyhetsbrev eller fylla i v\u00e5rt kontaktformul\u00e4r, kan du ge oss dina personuppgifter: e-postadress, f\u00f6rnamn, efternamn, bostadsinformation, telefonnummer. Du har valet att inte ge oss dina personuppgifter, men i s\u00e5 fall kommer du inte att kunna anv\u00e4nda de flesta funktioner som webbplatsen erbjuder. Webbplatsbes\u00f6kare som inte vet vilken information vi m\u00e5ste samla in kan kontakta oss via e-post info@kes.lt.     <\/p><h4>Dina r\u00e4ttigheter:<\/h4><p>Om du \u00e4r bosatt i Europa har du olika r\u00e4ttigheter relaterade till skyddet av dina personuppgifter:<\/p><ul><li>R\u00e4tten att bli informerad.<\/li><li>R\u00e4tten att f\u00e5 tillg\u00e5ng till din information som vi behandlar.<\/li><li>R\u00e4tten att korrigera felaktig eller felaktig information om dig.<\/li><li>R\u00e4tten att radera alla uppgifter om dig.<\/li><li>R\u00e4tten att begr\u00e4nsa databehandlingen.<\/li><li>R\u00e4tten att \u00f6verf\u00f6ra alla insamlade uppgifter om dig till en annan registeransvarig.<\/li><li>R\u00e4tten att inv\u00e4nda mot behandlingen av personuppgifter.<\/li><li>R\u00e4ttigheter relaterade till automatisk datahantering.<\/li><\/ul><p>Om du vill ha mer information, v\u00e4nligen kontakta oss med hj\u00e4lp av kontaktinformationen nedan.<\/p><p>Vi varnar f\u00f6r att vi hanterar personuppgifter f\u00f6r europeiska inv\u00e5nare f\u00f6r att uppfylla dina best\u00e4llningar eller p\u00e5 annat s\u00e4tt uppn\u00e5 de m\u00e5l som anges i b\u00f6rjan av dokumentet. Observera att dina uppgifter kan \u00f6verf\u00f6ras utanf\u00f6r Europa (till exempel till Kanada eller USA). <\/p><h4>L\u00e4nkar till andra webbplatser:<\/h4><p>V\u00e5r webbplats kan inneh\u00e5lla l\u00e4nkar till andra webbplatser som vi inte kontrollerar. Vi noterar att vi inte \u00e4r ansvariga f\u00f6r andra webbplatsers eller tredje parters processer f\u00f6r insamling av personuppgifter. N\u00e4r du l\u00e4mnar v\u00e5r webbplats rekommenderar vi att du l\u00e4ser tredje parters webbplatsers integritetspolicyer.  <\/p><h4>Dataskydd:<\/h4><p>F\u00f6r att skydda dina personuppgifter anv\u00e4nder vi servrar av h\u00f6gsta kvalitet som endast kan n\u00e5s av beh\u00f6riga personer. Vi \u00f6vervakar regelbundet v\u00e5ra system f\u00f6r att identifiera eventuella s\u00e5rbarheter eller cyberattacker som kan skada dina personuppgifter. Trots detta garanterar vi inte absolut s\u00e4kerhet f\u00f6r dina personuppgifter.  <\/p><h4>Datautl\u00e4mning:<\/h4><p>I enlighet med lagen f\u00f6rbeh\u00e5ller vi oss r\u00e4tten att l\u00e4mna ut dina personuppgifter om det \u00e4r n\u00f6dv\u00e4ndigt f\u00f6r att f\u00f6rsvara v\u00e5ra r\u00e4ttigheter, v\u00e5r egen och omgivningens s\u00e4kerhet, utreda ett brott eller svara p\u00e5 en beg\u00e4ran fr\u00e5n regeringen om att l\u00e4mna ut dina personuppgifter.<\/p><h4>Kontaktinformation:<\/h4><p>Om du vill ha mer information om denna integritetspolicy eller om dina personuppgifter, v\u00e4nligen kontakta oss via e-post info@kes.lt. <\/p>\t\t\t\t\t\t\t\t<\/div>\n\t\t\t\t<\/div>\n\t\t\t\t\t<\/div>\n\t\t\t\t<\/div>\n\t\t\t\t<\/div>\n\t\t","protected":false},"excerpt":{"rendered":"<p>Integritetspolicy KES STATYBA samlar in och hanterar dina personuppgifter p\u00e5 webbplatsen www.kes.lt som tillh\u00f6r f\u00f6retaget. Denna integritetspolicy f\u00f6rklarar hur www.kes.lt anv\u00e4nder dina personuppgifter och anger sk\u00e4len f\u00f6r insamlingen av dina personuppgifter. L\u00e4s d\u00e4rf\u00f6r detta dokument innan du surfar p\u00e5 webbplatsen www.kes.lt. Vi garanterar s\u00e4kerheten och konfidentialiteten f\u00f6r dina personuppgifter. Personuppgifter som vi samlar in: N\u00e4r [&hellip;]<\/p>\n","protected":false},"author":1,"featured_media":0,"parent":0,"menu_order":0,"comment_status":"closed","ping_status":"closed","template":"","meta":{"site-sidebar-layout":"no-sidebar","site-content-layout":"page-builder","ast-site-content-layout":"full-width-container","site-content-style":"default","site-sidebar-style":"default","ast-global-header-display":"","ast-banner-title-visibility":"","ast-main-header-display":"","ast-hfb-above-header-display":"","ast-hfb-below-header-display":"","ast-hfb-mobile-header-display":"","site-post-title":"disabled","ast-breadcrumbs-content":"","ast-featured-img":"disabled","footer-sml-layout":"","theme-transparent-header-meta":"","adv-header-id-meta":"","stick-header-meta":"","header-above-stick-meta":"","header-main-stick-meta":"","header-below-stick-meta":"","astra-migrate-meta-layouts":"default","ast-page-background-enabled":"default","ast-page-background-meta":{"desktop":{"background-color":"","background-image":"","background-repeat":"repeat","background-position":"center center","background-size":"auto","background-attachment":"scroll","background-type":"","background-media":"","overlay-type":"","overlay-color":"","overlay-opacity":"","overlay-gradient":""},"tablet":{"background-color":"","background-image":"","background-repeat":"repeat","background-position":"center center","background-size":"auto","background-attachment":"scroll","background-type":"","background-media":"","overlay-type":"","overlay-color":"","overlay-opacity":"","overlay-gradient":""},"mobile":{"background-color":"","background-image":"","background-repeat":"repeat","background-position":"center center","background-size":"auto","background-attachment":"scroll","background-type":"","background-media":"","overlay-type":"","overlay-color":"","overlay-opacity":"","overlay-gradient":""}},"ast-content-background-meta":{"desktop":{"background-color":"var(--ast-global-color-5)","background-image":"","background-repeat":"repeat","background-position":"center center","background-size":"auto","background-attachment":"scroll","background-type":"","background-media":"","overlay-type":"","overlay-color":"","overlay-opacity":"","overlay-gradient":""},"tablet":{"background-color":"var(--ast-global-color-5)","background-image":"","background-repeat":"repeat","background-position":"center center","background-size":"auto","background-attachment":"scroll","background-type":"","background-media":"","overlay-type":"","overlay-color":"","overlay-opacity":"","overlay-gradient":""},"mobile":{"background-color":"var(--ast-global-color-5)","background-image":"","background-repeat":"repeat","background-position":"center center","background-size":"auto","background-attachment":"scroll","background-type":"","background-media":"","overlay-type":"","overlay-color":"","overlay-opacity":"","overlay-gradient":""}},"footnotes":""},"class_list":["post-2896","page","type-page","status-publish","hentry"],"yoast_head":"<!-- This site is optimized with the Yoast SEO Premium plugin v23.2 (Yoast SEO v23.2) - https:\/\/yoast.com\/wordpress\/plugins\/seo\/ -->\n<title>Integritetspolicy | KES Statyba<\/title>\n<meta name=\"description\" content=\"Vi projekterar och bygger hallar f\u00f6r f\u00f6retag: lager, produktion, jordbruk. Tydliga etapper, tidsramar och bra priser. F\u00e5 en offert.\" \/>\n<meta name=\"robots\" content=\"noindex, follow\" \/>\n<meta property=\"og:locale\" content=\"sv_SE\" \/>\n<meta property=\"og:type\" content=\"article\" \/>\n<meta property=\"og:title\" content=\"Integritetspolicy\" \/>\n<meta property=\"og:description\" content=\"Vi projekterar och bygger hallar f\u00f6r f\u00f6retag: lager, produktion, jordbruk. Tydliga etapper, tidsramar och bra priser. F\u00e5 en offert.\" \/>\n<meta property=\"og:url\" content=\"https:\/\/www.kes.lt\/sv\/integritetspolicy\/\" \/>\n<meta property=\"og:site_name\" content=\"KES Statyba\" \/>\n<meta property=\"article:publisher\" content=\"https:\/\/www.facebook.com\/profile.php?id=61555989451971\" \/>\n<meta property=\"article:modified_time\" content=\"2026-01-07T18:23:06+00:00\" \/>\n<meta property=\"og:image\" content=\"https:\/\/www.kes.lt\/wp-content\/uploads\/2024\/01\/cropped-kes-statyba_LOGO_NR_-02.png\" \/>\n\t<meta property=\"og:image:width\" content=\"512\" \/>\n\t<meta property=\"og:image:height\" content=\"512\" \/>\n\t<meta property=\"og:image:type\" content=\"image\/png\" \/>\n<meta name=\"twitter:card\" content=\"summary_large_image\" \/>\n<meta name=\"twitter:label1\" content=\"Ber\u00e4knad l\u00e4stid\" \/>\n\t<meta name=\"twitter:data1\" content=\"3 minuter\" \/>\n<script type=\"application\/ld+json\" class=\"yoast-schema-graph\">{\"@context\":\"https:\/\/schema.org\",\"@graph\":[{\"@type\":\"WebPage\",\"@id\":\"https:\/\/www.kes.lt\/sv\/integritetspolicy\/\",\"url\":\"https:\/\/www.kes.lt\/sv\/integritetspolicy\/\",\"name\":\"Integritetspolicy | KES Statyba\",\"isPartOf\":{\"@id\":\"https:\/\/www.kes.lt\/sv\/#website\"},\"datePublished\":\"2024-02-26T22:43:54+00:00\",\"dateModified\":\"2026-01-07T18:23:06+00:00\",\"description\":\"Vi projekterar och bygger hallar f\u00f6r f\u00f6retag: lager, produktion, jordbruk. Tydliga etapper, tidsramar och bra priser. F\u00e5 en offert.\",\"breadcrumb\":{\"@id\":\"https:\/\/www.kes.lt\/sv\/integritetspolicy\/#breadcrumb\"},\"inLanguage\":\"sv-SE\",\"potentialAction\":[{\"@type\":\"ReadAction\",\"target\":[\"https:\/\/www.kes.lt\/sv\/integritetspolicy\/\"]}]},{\"@type\":\"BreadcrumbList\",\"@id\":\"https:\/\/www.kes.lt\/sv\/integritetspolicy\/#breadcrumb\",\"itemListElement\":[{\"@type\":\"ListItem\",\"position\":1,\"name\":\"Home\",\"item\":\"https:\/\/www.kes.lt\/sv\/huvudsida\/\"},{\"@type\":\"ListItem\",\"position\":2,\"name\":\"Integritetspolicy\"}]},{\"@type\":\"WebSite\",\"@id\":\"https:\/\/www.kes.lt\/sv\/#website\",\"url\":\"https:\/\/www.kes.lt\/sv\/\",\"name\":\"KES Statyba\",\"description\":\"Angar\u0173 statyba - geriausios kainos rinkoje!\",\"publisher\":{\"@id\":\"https:\/\/www.kes.lt\/sv\/#organization\"},\"potentialAction\":[{\"@type\":\"SearchAction\",\"target\":{\"@type\":\"EntryPoint\",\"urlTemplate\":\"https:\/\/www.kes.lt\/sv\/?s={search_term_string}\"},\"query-input\":\"required name=search_term_string\"}],\"inLanguage\":\"sv-SE\"},{\"@type\":\"Organization\",\"@id\":\"https:\/\/www.kes.lt\/sv\/#organization\",\"name\":\"KES Statyba\",\"url\":\"https:\/\/www.kes.lt\/sv\/\",\"logo\":{\"@type\":\"ImageObject\",\"inLanguage\":\"sv-SE\",\"@id\":\"https:\/\/www.kes.lt\/sv\/#\/schema\/logo\/image\/\",\"url\":\"https:\/\/www.kes.lt\/wp-content\/uploads\/2024\/01\/cropped-kes-statyba-logo-didelis.png\",\"contentUrl\":\"https:\/\/www.kes.lt\/wp-content\/uploads\/2024\/01\/cropped-kes-statyba-logo-didelis.png\",\"width\":600,\"height\":220,\"caption\":\"KES Statyba\"},\"image\":{\"@id\":\"https:\/\/www.kes.lt\/sv\/#\/schema\/logo\/image\/\"},\"sameAs\":[\"https:\/\/www.facebook.com\/profile.php?id=61555989451971\",\"https:\/\/www.instagram.com\/kesstatyba?igsh=MWN4amNrazlsenllYQ==\"],\"email\":\"info@kes.lt\"}]}<\/script>\n<!-- \/ Yoast SEO Premium plugin. -->","yoast_head_json":{"title":"Integritetspolicy | KES Statyba","description":"Vi projekterar och bygger hallar f\u00f6r f\u00f6retag: lager, produktion, jordbruk. Tydliga etapper, tidsramar och bra priser. F\u00e5 en offert.","robots":{"index":"noindex","follow":"follow"},"og_locale":"sv_SE","og_type":"article","og_title":"Integritetspolicy","og_description":"Vi projekterar och bygger hallar f\u00f6r f\u00f6retag: lager, produktion, jordbruk. Tydliga etapper, tidsramar och bra priser. F\u00e5 en offert.","og_url":"https:\/\/www.kes.lt\/sv\/integritetspolicy\/","og_site_name":"KES Statyba","article_publisher":"https:\/\/www.facebook.com\/profile.php?id=61555989451971","article_modified_time":"2026-01-07T18:23:06+00:00","og_image":[{"width":512,"height":512,"url":"https:\/\/www.kes.lt\/wp-content\/uploads\/2024\/01\/cropped-kes-statyba_LOGO_NR_-02.png","type":"image\/png"}],"twitter_card":"summary_large_image","twitter_misc":{"Ber\u00e4knad l\u00e4stid":"3 minuter"},"schema":{"@context":"https:\/\/schema.org","@graph":[{"@type":"WebPage","@id":"https:\/\/www.kes.lt\/sv\/integritetspolicy\/","url":"https:\/\/www.kes.lt\/sv\/integritetspolicy\/","name":"Integritetspolicy | KES Statyba","isPartOf":{"@id":"https:\/\/www.kes.lt\/sv\/#website"},"datePublished":"2024-02-26T22:43:54+00:00","dateModified":"2026-01-07T18:23:06+00:00","description":"Vi projekterar och bygger hallar f\u00f6r f\u00f6retag: lager, produktion, jordbruk. Tydliga etapper, tidsramar och bra priser. F\u00e5 en offert.","breadcrumb":{"@id":"https:\/\/www.kes.lt\/sv\/integritetspolicy\/#breadcrumb"},"inLanguage":"sv-SE","potentialAction":[{"@type":"ReadAction","target":["https:\/\/www.kes.lt\/sv\/integritetspolicy\/"]}]},{"@type":"BreadcrumbList","@id":"https:\/\/www.kes.lt\/sv\/integritetspolicy\/#breadcrumb","itemListElement":[{"@type":"ListItem","position":1,"name":"Home","item":"https:\/\/www.kes.lt\/sv\/huvudsida\/"},{"@type":"ListItem","position":2,"name":"Integritetspolicy"}]},{"@type":"WebSite","@id":"https:\/\/www.kes.lt\/sv\/#website","url":"https:\/\/www.kes.lt\/sv\/","name":"KES Statyba","description":"Angar\u0173 statyba - geriausios kainos rinkoje!","publisher":{"@id":"https:\/\/www.kes.lt\/sv\/#organization"},"potentialAction":[{"@type":"SearchAction","target":{"@type":"EntryPoint","urlTemplate":"https:\/\/www.kes.lt\/sv\/?s={search_term_string}"},"query-input":"required name=search_term_string"}],"inLanguage":"sv-SE"},{"@type":"Organization","@id":"https:\/\/www.kes.lt\/sv\/#organization","name":"KES Statyba","url":"https:\/\/www.kes.lt\/sv\/","logo":{"@type":"ImageObject","inLanguage":"sv-SE","@id":"https:\/\/www.kes.lt\/sv\/#\/schema\/logo\/image\/","url":"https:\/\/www.kes.lt\/wp-content\/uploads\/2024\/01\/cropped-kes-statyba-logo-didelis.png","contentUrl":"https:\/\/www.kes.lt\/wp-content\/uploads\/2024\/01\/cropped-kes-statyba-logo-didelis.png","width":600,"height":220,"caption":"KES Statyba"},"image":{"@id":"https:\/\/www.kes.lt\/sv\/#\/schema\/logo\/image\/"},"sameAs":["https:\/\/www.facebook.com\/profile.php?id=61555989451971","https:\/\/www.instagram.com\/kesstatyba?igsh=MWN4amNrazlsenllYQ=="],"email":"info@kes.lt"}]}},"_links":{"self":[{"href":"https:\/\/www.kes.lt\/sv\/wp-json\/wp\/v2\/pages\/2896","targetHints":{"allow":["GET"]}}],"collection":[{"href":"https:\/\/www.kes.lt\/sv\/wp-json\/wp\/v2\/pages"}],"about":[{"href":"https:\/\/www.kes.lt\/sv\/wp-json\/wp\/v2\/types\/page"}],"author":[{"embeddable":true,"href":"https:\/\/www.kes.lt\/sv\/wp-json\/wp\/v2\/users\/1"}],"replies":[{"embeddable":true,"href":"https:\/\/www.kes.lt\/sv\/wp-json\/wp\/v2\/comments?post=2896"}],"version-history":[{"count":3,"href":"https:\/\/www.kes.lt\/sv\/wp-json\/wp\/v2\/pages\/2896\/revisions"}],"predecessor-version":[{"id":2945,"href":"https:\/\/www.kes.lt\/sv\/wp-json\/wp\/v2\/pages\/2896\/revisions\/2945"}],"wp:attachment":[{"href":"https:\/\/www.kes.lt\/sv\/wp-json\/wp\/v2\/media?parent=2896"}],"curies":[{"name":"wp","href":"https:\/\/api.w.org\/{rel}","templated":true}]}}