{"id":2853,"date":"2021-06-12T06:28:48","date_gmt":"2021-06-12T06:28:48","guid":{"rendered":"https:\/\/www.kes.lt\/kontakt\/"},"modified":"2026-01-07T18:21:15","modified_gmt":"2026-01-07T18:21:15","slug":"kontakt","status":"publish","type":"page","link":"https:\/\/www.kes.lt\/sv\/kontakt\/","title":{"rendered":"Kontakt"},"content":{"rendered":"\t\t<div data-elementor-type=\"wp-page\" data-elementor-id=\"2853\" class=\"elementor elementor-2853 elementor-941\">\n\t\t\t\t<div class=\"elementor-element elementor-element-bea8998 e-flex e-con-boxed e-con e-parent\" data-id=\"bea8998\" data-element_type=\"container\" data-settings=\"{&quot;background_background&quot;:&quot;classic&quot;}\">\n\t\t\t\t\t<div class=\"e-con-inner\">\n\t\t<div class=\"elementor-element elementor-element-1e8a867 e-con-full e-flex e-con e-child\" data-id=\"1e8a867\" data-element_type=\"container\">\n\t\t\t\t<div class=\"elementor-element elementor-element-bb2be03 elementor-widget elementor-widget-heading\" data-id=\"bb2be03\" data-element_type=\"widget\" data-widget_type=\"heading.default\">\n\t\t\t\t<div class=\"elementor-widget-container\">\n\t\t\t\t\t<h2 class=\"elementor-heading-title elementor-size-default\">Kontakt<\/h2>\t\t\t\t<\/div>\n\t\t\t\t<\/div>\n\t\t\t\t<\/div>\n\t\t\t\t\t<\/div>\n\t\t\t\t<\/div>\n\t\t<div class=\"elementor-element elementor-element-49911ed e-flex e-con-boxed e-con e-parent\" data-id=\"49911ed\" data-element_type=\"container\" data-settings=\"{&quot;background_background&quot;:&quot;classic&quot;}\">\n\t\t\t\t\t<div class=\"e-con-inner\">\n\t\t<div class=\"elementor-element elementor-element-72ad953 e-con-full e-flex e-con e-child\" data-id=\"72ad953\" data-element_type=\"container\">\n\t\t\t\t<div class=\"elementor-element elementor-element-80e9197 elementor-widget elementor-widget-image\" data-id=\"80e9197\" data-element_type=\"widget\" data-widget_type=\"image.default\">\n\t\t\t\t<div class=\"elementor-widget-container\">\n\t\t\t\t\t\t\t\t\t\t\t\t\t\t\t<img fetchpriority=\"high\" decoding=\"async\" width=\"800\" height=\"852\" src=\"https:\/\/www.kes.lt\/wp-content\/uploads\/2024\/02\/kesstatyba-kontaktai.jpg\" class=\"elementor-animation-float attachment-large size-large wp-image-2856\" alt=\"\" srcset=\"https:\/\/www.kes.lt\/wp-content\/uploads\/2024\/02\/kesstatyba-kontaktai.jpg 800w, https:\/\/www.kes.lt\/wp-content\/uploads\/2024\/02\/kesstatyba-kontaktai-282x300.jpg 282w, https:\/\/www.kes.lt\/wp-content\/uploads\/2024\/02\/kesstatyba-kontaktai-768x818.jpg 768w, https:\/\/www.kes.lt\/wp-content\/uploads\/2024\/02\/kesstatyba-kontaktai-600x639.jpg 600w\" sizes=\"(max-width: 800px) 100vw, 800px\" \/>\t\t\t\t\t\t\t\t\t\t\t\t\t\t\t<\/div>\n\t\t\t\t<\/div>\n\t\t\t\t<\/div>\n\t\t<div class=\"elementor-element elementor-element-68a94f3 e-con-full e-flex e-con e-child\" data-id=\"68a94f3\" data-element_type=\"container\">\n\t\t\t\t<div class=\"elementor-element elementor-element-9e19a0e elementor-widget elementor-widget-heading\" data-id=\"9e19a0e\" data-element_type=\"widget\" data-widget_type=\"heading.default\">\n\t\t\t\t<div class=\"elementor-widget-container\">\n\t\t\t\t\t<h6 class=\"elementor-heading-title elementor-size-default\">Gratis konsultation<\/h6>\t\t\t\t<\/div>\n\t\t\t\t<\/div>\n\t\t\t\t<div class=\"elementor-element elementor-element-0a03b1f elementor-widget elementor-widget-heading\" data-id=\"0a03b1f\" data-element_type=\"widget\" data-widget_type=\"heading.default\">\n\t\t\t\t<div class=\"elementor-widget-container\">\n\t\t\t\t\t<h2 class=\"elementor-heading-title elementor-size-default\">Har du n\u00e5gra fr\u00e5gor?<br>Kontakta oss, vi hj\u00e4lper dig!<\/h2>\t\t\t\t<\/div>\n\t\t\t\t<\/div>\n\t\t\t\t<div class=\"elementor-element elementor-element-ac28cc7 elementor-widget elementor-widget-wpforms\" data-id=\"ac28cc7\" data-element_type=\"widget\" data-widget_type=\"wpforms.default\">\n\t\t\t\t<div class=\"elementor-widget-container\">\n\t\t\t\t\t<div class=\"wpforms-container \" id=\"wpforms-16\"><form id=\"wpforms-form-16\" class=\"wpforms-validate wpforms-form\" data-formid=\"16\" method=\"post\" enctype=\"multipart\/form-data\" action=\"\/sv\/wp-json\/wp\/v2\/pages\/2853\" data-token=\"a90ca9b4c80caffcccf54652f1c23568\" data-token-time=\"1775950742\"><noscript class=\"wpforms-error-noscript\">Aktivera JavaScript i din webbl\u00e4sare f\u00f6r att fylla i detta formul\u00e4r.<\/noscript><div class=\"wpforms-field-container\"><div id=\"wpforms-16-field_0-container\" class=\"wpforms-field wpforms-field-name\" data-field-id=\"0\"><label class=\"wpforms-field-label wpforms-label-hide\" for=\"wpforms-16-field_0\">Ditt namn <span class=\"wpforms-required-label\">*<\/span><\/label><input type=\"text\" id=\"wpforms-16-field_0\" class=\"wpforms-field-large wpforms-field-required\" name=\"wpforms[fields][0]\" placeholder=\"Namn\" required><\/div><div id=\"wpforms-16-field_8-container\" class=\"wpforms-field wpforms-field-text\" data-field-id=\"8\"><label class=\"wpforms-field-label wpforms-label-hide\" for=\"wpforms-16-field_8\">Ditt telefonnummer<\/label><input type=\"text\" id=\"wpforms-16-field_8\" class=\"wpforms-field-large\" name=\"wpforms[fields][8]\" placeholder=\"Telefonnummer\" ><\/div><div id=\"wpforms-16-field_7-container\" class=\"wpforms-field wpforms-field-email\" data-field-id=\"7\"><label class=\"wpforms-field-label wpforms-label-hide\" for=\"wpforms-16-field_7\">Din e-postadress <span class=\"wpforms-required-label\">*<\/span><\/label><input type=\"email\" id=\"wpforms-16-field_7\" class=\"wpforms-field-large wpforms-field-required\" name=\"wpforms[fields][7]\" placeholder=\"E-postadress\" spellcheck=\"false\" required><\/div><div id=\"wpforms-16-field_10-container\" class=\"wpforms-field wpforms-field-email\" data-field-id=\"10\"><label class=\"wpforms-field-label wpforms-label-hide\" for=\"wpforms-16-field_10\">\u00d6nskade m\u00e5tt f\u00f6r hangaren <span class=\"wpforms-required-label\">*<\/span><\/label><input type=\"email\" id=\"wpforms-16-field_10\" class=\"wpforms-field-large wpforms-field-required\" name=\"wpforms[fields][10]\" placeholder=\"\u00d6nskade m\u00e5tt f\u00f6r hangaren\" spellcheck=\"false\" required><\/div><div id=\"wpforms-16-field_2-container\" class=\"wpforms-field wpforms-field-textarea\" data-field-id=\"2\"><label class=\"wpforms-field-label wpforms-label-hide\" for=\"wpforms-16-field_2\">Din kommentar <span class=\"wpforms-required-label\">*<\/span><\/label><textarea id=\"wpforms-16-field_2\" class=\"wpforms-field-medium wpforms-field-required\" name=\"wpforms[fields][2]\" placeholder=\"Beskriv hur vi kan hj\u00e4lpa dig\" required><\/textarea><\/div><\/div><!-- .wpforms-field-container --><div class=\"wpforms-submit-container\" ><input type=\"hidden\" name=\"wpforms[id]\" value=\"16\"><input type=\"hidden\" name=\"page_title\" value=\"\"><input type=\"hidden\" name=\"page_url\" value=\"https:\/\/www.kes.lt\/sv\/wp-json\/wp\/v2\/pages\/2853\"><input type=\"hidden\" name=\"url_referer\" value=\"\"><button type=\"submit\" name=\"wpforms[submit]\" id=\"wpforms-submit-16\" class=\"wpforms-submit\" data-alt-text=\"Skickar....\" data-submit-text=\"F\u00e5 en offert\" aria-live=\"assertive\" value=\"wpforms-submit\">F\u00e5 en offert<\/button><\/div><\/form><\/div>  <!-- .wpforms-container -->\t\t\t\t<\/div>\n\t\t\t\t<\/div>\n\t\t\t\t<\/div>\n\t\t\t\t\t<\/div>\n\t\t\t\t<\/div>\n\t\t<div class=\"elementor-element elementor-element-8f3d620 e-flex e-con-boxed e-con e-parent\" data-id=\"8f3d620\" data-element_type=\"container\" data-settings=\"{&quot;background_background&quot;:&quot;classic&quot;}\">\n\t\t\t\t\t<div class=\"e-con-inner\">\n\t\t<div class=\"elementor-element elementor-element-3742aa7 e-con-full e-flex e-con e-child\" data-id=\"3742aa7\" data-element_type=\"container\" data-settings=\"{&quot;background_background&quot;:&quot;classic&quot;}\">\n\t\t\t\t<div class=\"elementor-element elementor-element-5d7bae8 elementor-widget-divider--view-line_text elementor-widget-divider--element-align-center elementor-widget elementor-widget-divider\" data-id=\"5d7bae8\" data-element_type=\"widget\" data-widget_type=\"divider.default\">\n\t\t\t\t<div class=\"elementor-widget-container\">\n\t\t\t\t\t\t\t<div class=\"elementor-divider\">\n\t\t\t<span class=\"elementor-divider-separator\">\n\t\t\t\t\t\t\t<h6 class=\"elementor-divider__text elementor-divider__element\">\n\t\t\t\tF\u00f6retagsinformation\t\t\t\t<\/h6>\n\t\t\t\t\t\t<\/span>\n\t\t<\/div>\n\t\t\t\t\t\t<\/div>\n\t\t\t\t<\/div>\n\t\t\t\t<div class=\"elementor-element elementor-element-0bdde53 elementor-position-left elementor-view-default elementor-mobile-position-top elementor-widget elementor-widget-icon-box\" data-id=\"0bdde53\" data-element_type=\"widget\" data-widget_type=\"icon-box.default\">\n\t\t\t\t<div class=\"elementor-widget-container\">\n\t\t\t\t\t\t\t<div class=\"elementor-icon-box-wrapper\">\n\n\t\t\t\t\t\t<div class=\"elementor-icon-box-icon\">\n\t\t\t\t<a href=\"https:\/\/maps.app.goo.gl\/xvbXuno7PNGJ7GSH8\" target=\"_blank\" class=\"elementor-icon\" tabindex=\"-1\" aria-label=\"E\u017eero g. 20, Skriaud\u017ei\u0173 k., LT-59277 Prien\u0173 r.\">\n\t\t\t\t<svg aria-hidden=\"true\" class=\"e-font-icon-svg e-fas-map-marker-alt\" viewBox=\"0 0 384 512\" xmlns=\"http:\/\/www.w3.org\/2000\/svg\"><path d=\"M172.268 501.67C26.97 291.031 0 269.413 0 192 0 85.961 85.961 0 192 0s192 85.961 192 192c0 77.413-26.97 99.031-172.268 309.67-9.535 13.774-29.93 13.773-39.464 0zM192 272c44.183 0 80-35.817 80-80s-35.817-80-80-80-80 35.817-80 80 35.817 80 80 80z\"><\/path><\/svg>\t\t\t\t<\/a>\n\t\t\t<\/div>\n\t\t\t\n\t\t\t\t\t\t<div class=\"elementor-icon-box-content\">\n\n\t\t\t\t\t\t\t\t\t<h6 class=\"elementor-icon-box-title\">\n\t\t\t\t\t\t<a href=\"https:\/\/maps.app.goo.gl\/xvbXuno7PNGJ7GSH8\" target=\"_blank\" >\n\t\t\t\t\t\t\tE\u017eero g. 20, Skriaud\u017ei\u0173 k., LT-59277 Prien\u0173 r.\t\t\t\t\t\t<\/a>\n\t\t\t\t\t<\/h6>\n\t\t\t\t\n\t\t\t\t\n\t\t\t<\/div>\n\t\t\t\n\t\t<\/div>\n\t\t\t\t\t\t<\/div>\n\t\t\t\t<\/div>\n\t\t\t\t<div class=\"elementor-element elementor-element-b82095d elementor-position-left elementor-view-default elementor-mobile-position-top elementor-widget elementor-widget-icon-box\" data-id=\"b82095d\" data-element_type=\"widget\" data-widget_type=\"icon-box.default\">\n\t\t\t\t<div class=\"elementor-widget-container\">\n\t\t\t\t\t\t\t<div class=\"elementor-icon-box-wrapper\">\n\n\t\t\t\t\t\t<div class=\"elementor-icon-box-icon\">\n\t\t\t\t<span  class=\"elementor-icon\">\n\t\t\t\t<svg aria-hidden=\"true\" class=\"e-font-icon-svg e-far-envelope\" viewBox=\"0 0 512 512\" xmlns=\"http:\/\/www.w3.org\/2000\/svg\"><path d=\"M464 64H48C21.49 64 0 85.49 0 112v288c0 26.51 21.49 48 48 48h416c26.51 0 48-21.49 48-48V112c0-26.51-21.49-48-48-48zm0 48v40.805c-22.422 18.259-58.168 46.651-134.587 106.49-16.841 13.247-50.201 45.072-73.413 44.701-23.208.375-56.579-31.459-73.413-44.701C106.18 199.465 70.425 171.067 48 152.805V112h416zM48 400V214.398c22.914 18.251 55.409 43.862 104.938 82.646 21.857 17.205 60.134 55.186 103.062 54.955 42.717.231 80.509-37.199 103.053-54.947 49.528-38.783 82.032-64.401 104.947-82.653V400H48z\"><\/path><\/svg>\t\t\t\t<\/span>\n\t\t\t<\/div>\n\t\t\t\n\t\t\t\t\t\t<div class=\"elementor-icon-box-content\">\n\n\t\t\t\t\t\t\t\t\t<h6 class=\"elementor-icon-box-title\">\n\t\t\t\t\t\t<span  >\n\t\t\t\t\t\t\t<p><a href=\"mailto:info@kes.lt\">info@kes.lt<\/a><\/p>\t\t\t\t\t\t<\/span>\n\t\t\t\t\t<\/h6>\n\t\t\t\t\n\t\t\t\t\n\t\t\t<\/div>\n\t\t\t\n\t\t<\/div>\n\t\t\t\t\t\t<\/div>\n\t\t\t\t<\/div>\n\t\t\t\t<div class=\"elementor-element elementor-element-e82c690 elementor-position-left elementor-view-default elementor-mobile-position-top elementor-widget elementor-widget-icon-box\" data-id=\"e82c690\" data-element_type=\"widget\" data-widget_type=\"icon-box.default\">\n\t\t\t\t<div class=\"elementor-widget-container\">\n\t\t\t\t\t\t\t<div class=\"elementor-icon-box-wrapper\">\n\n\t\t\t\t\t\t<div class=\"elementor-icon-box-icon\">\n\t\t\t\t<a href=\"tel:%20+370%20699%2099719\" class=\"elementor-icon\" tabindex=\"-1\" aria-label=\"+370 699 99719\">\n\t\t\t\t<svg aria-hidden=\"true\" class=\"e-font-icon-svg e-fas-phone-alt\" viewBox=\"0 0 512 512\" xmlns=\"http:\/\/www.w3.org\/2000\/svg\"><path d=\"M497.39 361.8l-112-48a24 24 0 0 0-28 6.9l-49.6 60.6A370.66 370.66 0 0 1 130.6 204.11l60.6-49.6a23.94 23.94 0 0 0 6.9-28l-48-112A24.16 24.16 0 0 0 122.6.61l-104 24A24 24 0 0 0 0 48c0 256.5 207.9 464 464 464a24 24 0 0 0 23.4-18.6l24-104a24.29 24.29 0 0 0-14.01-27.6z\"><\/path><\/svg>\t\t\t\t<\/a>\n\t\t\t<\/div>\n\t\t\t\n\t\t\t\t\t\t<div class=\"elementor-icon-box-content\">\n\n\t\t\t\t\t\t\t\t\t<h6 class=\"elementor-icon-box-title\">\n\t\t\t\t\t\t<a href=\"tel:%20+370%20699%2099719\" >\n\t\t\t\t\t\t\t+370 699 99719\t\t\t\t\t\t<\/a>\n\t\t\t\t\t<\/h6>\n\t\t\t\t\n\t\t\t\t\t\t\t\t\t<p class=\"elementor-icon-box-description\">\n\t\t\t\t\t\tM\u00e5ndag - Fredag\t\t\t\t\t<\/p>\n\t\t\t\t\n\t\t\t<\/div>\n\t\t\t\n\t\t<\/div>\n\t\t\t\t\t\t<\/div>\n\t\t\t\t<\/div>\n\t\t\t\t<\/div>\n\t\t\t\t\t<\/div>\n\t\t\t\t<\/div>\n\t\t\t\t<\/div>\n\t\t","protected":false},"excerpt":{"rendered":"<p>Kontakt Gratis konsultation Har du n\u00e5gra fr\u00e5gor?Kontakta oss, vi hj\u00e4lper dig! Please enable JavaScript in your browser to complete this form.J\u016bs\u0173 vardas *J\u016bs\u0173 telefono numerisJ\u016bs\u0173 elektroninis pa\u0161tas *J\u016bs\u0173 komentaras * Gaukite pasi\u016blym\u0105 F\u00f6retagsinformation E\u017eero g. 20, Skriaud\u017ei\u0173 k., LT-59277 Prien\u0173 r. info@kes.lt +370 699 99719 M\u00e5ndag \u2013 Fredag<\/p>\n","protected":false},"author":1,"featured_media":0,"parent":0,"menu_order":0,"comment_status":"closed","ping_status":"closed","template":"","meta":{"site-sidebar-layout":"no-sidebar","site-content-layout":"page-builder","ast-site-content-layout":"full-width-container","site-content-style":"unboxed","site-sidebar-style":"unboxed","ast-global-header-display":"","ast-banner-title-visibility":"","ast-main-header-display":"","ast-hfb-above-header-display":"","ast-hfb-below-header-display":"","ast-hfb-mobile-header-display":"","site-post-title":"disabled","ast-breadcrumbs-content":"disabled","ast-featured-img":"disabled","footer-sml-layout":"","theme-transparent-header-meta":"default","adv-header-id-meta":"","stick-header-meta":"","header-above-stick-meta":"","header-main-stick-meta":"","header-below-stick-meta":"","astra-migrate-meta-layouts":"default","ast-page-background-enabled":"default","ast-page-background-meta":{"desktop":{"background-color":"","background-image":"","background-repeat":"repeat","background-position":"center center","background-size":"auto","background-attachment":"scroll","background-type":"","background-media":"","overlay-type":"","overlay-color":"","overlay-opacity":"","overlay-gradient":""},"tablet":{"background-color":"","background-image":"","background-repeat":"repeat","background-position":"center center","background-size":"auto","background-attachment":"scroll","background-type":"","background-media":"","overlay-type":"","overlay-color":"","overlay-opacity":"","overlay-gradient":""},"mobile":{"background-color":"","background-image":"","background-repeat":"repeat","background-position":"center center","background-size":"auto","background-attachment":"scroll","background-type":"","background-media":"","overlay-type":"","overlay-color":"","overlay-opacity":"","overlay-gradient":""}},"ast-content-background-meta":{"desktop":{"background-color":"var(--ast-global-color-5)","background-image":"","background-repeat":"repeat","background-position":"center center","background-size":"auto","background-attachment":"scroll","background-type":"","background-media":"","overlay-type":"","overlay-color":"","overlay-opacity":"","overlay-gradient":""},"tablet":{"background-color":"var(--ast-global-color-5)","background-image":"","background-repeat":"repeat","background-position":"center center","background-size":"auto","background-attachment":"scroll","background-type":"","background-media":"","overlay-type":"","overlay-color":"","overlay-opacity":"","overlay-gradient":""},"mobile":{"background-color":"var(--ast-global-color-5)","background-image":"","background-repeat":"repeat","background-position":"center center","background-size":"auto","background-attachment":"scroll","background-type":"","background-media":"","overlay-type":"","overlay-color":"","overlay-opacity":"","overlay-gradient":""}},"footnotes":""},"class_list":["post-2853","page","type-page","status-publish","hentry"],"yoast_head":"<!-- This site is optimized with the Yoast SEO Premium plugin v23.2 (Yoast SEO v23.2) - https:\/\/yoast.com\/wordpress\/plugins\/seo\/ -->\n<title>Kontakt | KES Statyba<\/title>\n<meta name=\"description\" content=\"Kontakta oss ang\u00e5ende hangarbyggnation: vi diskuterar projektets vision, tidsramar och pris. Vi svarar inom 1 arbetsdag.\" \/>\n<meta name=\"robots\" content=\"index, follow, max-snippet:-1, max-image-preview:large, max-video-preview:-1\" \/>\n<link rel=\"canonical\" href=\"https:\/\/www.kes.lt\/sv\/kontakt\/\" \/>\n<meta property=\"og:locale\" content=\"sv_SE\" \/>\n<meta property=\"og:type\" content=\"article\" \/>\n<meta property=\"og:title\" content=\"Kontakt\" \/>\n<meta property=\"og:description\" content=\"Kontakta oss ang\u00e5ende hangarbyggnation: vi diskuterar projektets vision, tidsramar och pris. Vi svarar inom 1 arbetsdag.\" \/>\n<meta property=\"og:url\" content=\"https:\/\/www.kes.lt\/sv\/kontakt\/\" \/>\n<meta property=\"og:site_name\" content=\"KES Statyba\" \/>\n<meta property=\"article:publisher\" content=\"https:\/\/www.facebook.com\/profile.php?id=61555989451971\" \/>\n<meta property=\"article:modified_time\" content=\"2026-01-07T18:21:15+00:00\" \/>\n<meta property=\"og:image\" content=\"https:\/\/www.kes.lt\/wp-content\/uploads\/2024\/02\/kesstatyba-kontaktai.jpg\" \/>\n<meta name=\"twitter:card\" content=\"summary_large_image\" \/>\n<script type=\"application\/ld+json\" class=\"yoast-schema-graph\">{\"@context\":\"https:\/\/schema.org\",\"@graph\":[{\"@type\":\"WebPage\",\"@id\":\"https:\/\/www.kes.lt\/sv\/kontakt\/\",\"url\":\"https:\/\/www.kes.lt\/sv\/kontakt\/\",\"name\":\"Kontakt | KES Statyba\",\"isPartOf\":{\"@id\":\"https:\/\/www.kes.lt\/sv\/#website\"},\"primaryImageOfPage\":{\"@id\":\"https:\/\/www.kes.lt\/sv\/kontakt\/#primaryimage\"},\"image\":{\"@id\":\"https:\/\/www.kes.lt\/sv\/kontakt\/#primaryimage\"},\"thumbnailUrl\":\"https:\/\/www.kes.lt\/wp-content\/uploads\/2024\/02\/kesstatyba-kontaktai.jpg\",\"datePublished\":\"2021-06-12T06:28:48+00:00\",\"dateModified\":\"2026-01-07T18:21:15+00:00\",\"description\":\"Kontakta oss ang\u00e5ende hangarbyggnation: vi diskuterar projektets vision, tidsramar och pris. Vi svarar inom 1 arbetsdag.\",\"breadcrumb\":{\"@id\":\"https:\/\/www.kes.lt\/sv\/kontakt\/#breadcrumb\"},\"inLanguage\":\"sv-SE\",\"potentialAction\":[{\"@type\":\"ReadAction\",\"target\":[\"https:\/\/www.kes.lt\/sv\/kontakt\/\"]}]},{\"@type\":\"ImageObject\",\"inLanguage\":\"sv-SE\",\"@id\":\"https:\/\/www.kes.lt\/sv\/kontakt\/#primaryimage\",\"url\":\"https:\/\/www.kes.lt\/wp-content\/uploads\/2024\/02\/kesstatyba-kontaktai.jpg\",\"contentUrl\":\"https:\/\/www.kes.lt\/wp-content\/uploads\/2024\/02\/kesstatyba-kontaktai.jpg\"},{\"@type\":\"BreadcrumbList\",\"@id\":\"https:\/\/www.kes.lt\/sv\/kontakt\/#breadcrumb\",\"itemListElement\":[{\"@type\":\"ListItem\",\"position\":1,\"name\":\"Home\",\"item\":\"https:\/\/www.kes.lt\/sv\/huvudsida\/\"},{\"@type\":\"ListItem\",\"position\":2,\"name\":\"Kontakt\"}]},{\"@type\":\"WebSite\",\"@id\":\"https:\/\/www.kes.lt\/sv\/#website\",\"url\":\"https:\/\/www.kes.lt\/sv\/\",\"name\":\"KES Statyba\",\"description\":\"Angar\u0173 statyba - geriausios kainos rinkoje!\",\"publisher\":{\"@id\":\"https:\/\/www.kes.lt\/sv\/#organization\"},\"potentialAction\":[{\"@type\":\"SearchAction\",\"target\":{\"@type\":\"EntryPoint\",\"urlTemplate\":\"https:\/\/www.kes.lt\/sv\/?s={search_term_string}\"},\"query-input\":\"required name=search_term_string\"}],\"inLanguage\":\"sv-SE\"},{\"@type\":\"Organization\",\"@id\":\"https:\/\/www.kes.lt\/sv\/#organization\",\"name\":\"KES Statyba\",\"url\":\"https:\/\/www.kes.lt\/sv\/\",\"logo\":{\"@type\":\"ImageObject\",\"inLanguage\":\"sv-SE\",\"@id\":\"https:\/\/www.kes.lt\/sv\/#\/schema\/logo\/image\/\",\"url\":\"https:\/\/www.kes.lt\/wp-content\/uploads\/2024\/01\/cropped-kes-statyba-logo-didelis.png\",\"contentUrl\":\"https:\/\/www.kes.lt\/wp-content\/uploads\/2024\/01\/cropped-kes-statyba-logo-didelis.png\",\"width\":600,\"height\":220,\"caption\":\"KES Statyba\"},\"image\":{\"@id\":\"https:\/\/www.kes.lt\/sv\/#\/schema\/logo\/image\/\"},\"sameAs\":[\"https:\/\/www.facebook.com\/profile.php?id=61555989451971\",\"https:\/\/www.instagram.com\/kesstatyba?igsh=MWN4amNrazlsenllYQ==\"],\"email\":\"info@kes.lt\"}]}<\/script>\n<!-- \/ Yoast SEO Premium plugin. -->","yoast_head_json":{"title":"Kontakt | KES Statyba","description":"Kontakta oss ang\u00e5ende hangarbyggnation: vi diskuterar projektets vision, tidsramar och pris. Vi svarar inom 1 arbetsdag.","robots":{"index":"index","follow":"follow","max-snippet":"max-snippet:-1","max-image-preview":"max-image-preview:large","max-video-preview":"max-video-preview:-1"},"canonical":"https:\/\/www.kes.lt\/sv\/kontakt\/","og_locale":"sv_SE","og_type":"article","og_title":"Kontakt","og_description":"Kontakta oss ang\u00e5ende hangarbyggnation: vi diskuterar projektets vision, tidsramar och pris. Vi svarar inom 1 arbetsdag.","og_url":"https:\/\/www.kes.lt\/sv\/kontakt\/","og_site_name":"KES Statyba","article_publisher":"https:\/\/www.facebook.com\/profile.php?id=61555989451971","article_modified_time":"2026-01-07T18:21:15+00:00","og_image":[{"url":"https:\/\/www.kes.lt\/wp-content\/uploads\/2024\/02\/kesstatyba-kontaktai.jpg"}],"twitter_card":"summary_large_image","schema":{"@context":"https:\/\/schema.org","@graph":[{"@type":"WebPage","@id":"https:\/\/www.kes.lt\/sv\/kontakt\/","url":"https:\/\/www.kes.lt\/sv\/kontakt\/","name":"Kontakt | KES Statyba","isPartOf":{"@id":"https:\/\/www.kes.lt\/sv\/#website"},"primaryImageOfPage":{"@id":"https:\/\/www.kes.lt\/sv\/kontakt\/#primaryimage"},"image":{"@id":"https:\/\/www.kes.lt\/sv\/kontakt\/#primaryimage"},"thumbnailUrl":"https:\/\/www.kes.lt\/wp-content\/uploads\/2024\/02\/kesstatyba-kontaktai.jpg","datePublished":"2021-06-12T06:28:48+00:00","dateModified":"2026-01-07T18:21:15+00:00","description":"Kontakta oss ang\u00e5ende hangarbyggnation: vi diskuterar projektets vision, tidsramar och pris. Vi svarar inom 1 arbetsdag.","breadcrumb":{"@id":"https:\/\/www.kes.lt\/sv\/kontakt\/#breadcrumb"},"inLanguage":"sv-SE","potentialAction":[{"@type":"ReadAction","target":["https:\/\/www.kes.lt\/sv\/kontakt\/"]}]},{"@type":"ImageObject","inLanguage":"sv-SE","@id":"https:\/\/www.kes.lt\/sv\/kontakt\/#primaryimage","url":"https:\/\/www.kes.lt\/wp-content\/uploads\/2024\/02\/kesstatyba-kontaktai.jpg","contentUrl":"https:\/\/www.kes.lt\/wp-content\/uploads\/2024\/02\/kesstatyba-kontaktai.jpg"},{"@type":"BreadcrumbList","@id":"https:\/\/www.kes.lt\/sv\/kontakt\/#breadcrumb","itemListElement":[{"@type":"ListItem","position":1,"name":"Home","item":"https:\/\/www.kes.lt\/sv\/huvudsida\/"},{"@type":"ListItem","position":2,"name":"Kontakt"}]},{"@type":"WebSite","@id":"https:\/\/www.kes.lt\/sv\/#website","url":"https:\/\/www.kes.lt\/sv\/","name":"KES Statyba","description":"Angar\u0173 statyba - geriausios kainos rinkoje!","publisher":{"@id":"https:\/\/www.kes.lt\/sv\/#organization"},"potentialAction":[{"@type":"SearchAction","target":{"@type":"EntryPoint","urlTemplate":"https:\/\/www.kes.lt\/sv\/?s={search_term_string}"},"query-input":"required name=search_term_string"}],"inLanguage":"sv-SE"},{"@type":"Organization","@id":"https:\/\/www.kes.lt\/sv\/#organization","name":"KES Statyba","url":"https:\/\/www.kes.lt\/sv\/","logo":{"@type":"ImageObject","inLanguage":"sv-SE","@id":"https:\/\/www.kes.lt\/sv\/#\/schema\/logo\/image\/","url":"https:\/\/www.kes.lt\/wp-content\/uploads\/2024\/01\/cropped-kes-statyba-logo-didelis.png","contentUrl":"https:\/\/www.kes.lt\/wp-content\/uploads\/2024\/01\/cropped-kes-statyba-logo-didelis.png","width":600,"height":220,"caption":"KES Statyba"},"image":{"@id":"https:\/\/www.kes.lt\/sv\/#\/schema\/logo\/image\/"},"sameAs":["https:\/\/www.facebook.com\/profile.php?id=61555989451971","https:\/\/www.instagram.com\/kesstatyba?igsh=MWN4amNrazlsenllYQ=="],"email":"info@kes.lt"}]}},"_links":{"self":[{"href":"https:\/\/www.kes.lt\/sv\/wp-json\/wp\/v2\/pages\/2853","targetHints":{"allow":["GET"]}}],"collection":[{"href":"https:\/\/www.kes.lt\/sv\/wp-json\/wp\/v2\/pages"}],"about":[{"href":"https:\/\/www.kes.lt\/sv\/wp-json\/wp\/v2\/types\/page"}],"author":[{"embeddable":true,"href":"https:\/\/www.kes.lt\/sv\/wp-json\/wp\/v2\/users\/1"}],"replies":[{"embeddable":true,"href":"https:\/\/www.kes.lt\/sv\/wp-json\/wp\/v2\/comments?post=2853"}],"version-history":[{"count":5,"href":"https:\/\/www.kes.lt\/sv\/wp-json\/wp\/v2\/pages\/2853\/revisions"}],"predecessor-version":[{"id":2939,"href":"https:\/\/www.kes.lt\/sv\/wp-json\/wp\/v2\/pages\/2853\/revisions\/2939"}],"wp:attachment":[{"href":"https:\/\/www.kes.lt\/sv\/wp-json\/wp\/v2\/media?parent=2853"}],"curies":[{"name":"wp","href":"https:\/\/api.w.org\/{rel}","templated":true}]}}