{"id":2831,"date":"2025-12-30T11:27:10","date_gmt":"2025-12-30T11:27:10","guid":{"rendered":"https:\/\/www.kes.lt\/katalog\/"},"modified":"2026-01-08T20:02:58","modified_gmt":"2026-01-08T20:02:58","slug":"katalog","status":"publish","type":"page","link":"https:\/\/www.kes.lt\/sv\/katalog\/","title":{"rendered":"Katalog"},"content":{"rendered":"\t\t<div data-elementor-type=\"wp-page\" data-elementor-id=\"2831\" class=\"elementor elementor-2831 elementor-2614\">\n\t\t\t\t<div class=\"elementor-element elementor-element-6d01bae e-con-full e-flex e-con e-parent\" data-id=\"6d01bae\" data-element_type=\"container\" data-settings=\"{&quot;background_background&quot;:&quot;classic&quot;}\">\n\t\t<div class=\"elementor-element elementor-element-0bcbc0f e-con-full e-flex e-con e-child\" data-id=\"0bcbc0f\" data-element_type=\"container\">\n\t\t\t\t<div class=\"elementor-element elementor-element-60a23e7 elementor-widget elementor-widget-heading\" data-id=\"60a23e7\" data-element_type=\"widget\" data-widget_type=\"heading.default\">\n\t\t\t\t<div class=\"elementor-widget-container\">\n\t\t\t\t\t<h2 class=\"elementor-heading-title elementor-size-default\">Katalog<\/h2>\t\t\t\t<\/div>\n\t\t\t\t<\/div>\n\t\t\t\t<\/div>\n\t\t\t\t<\/div>\n\t\t<div class=\"elementor-element elementor-element-fcf18ea e-flex e-con-boxed e-con e-parent\" data-id=\"fcf18ea\" data-element_type=\"container\">\n\t\t\t\t\t<div class=\"e-con-inner\">\n\t\t\t\t<div class=\"elementor-element elementor-element-26c7c9b uael-woo--align-center elementor-widget elementor-widget-uael-woo-products\" data-id=\"26c7c9b\" data-element_type=\"widget\" data-settings=\"{&quot;products_columns&quot;:&quot;3&quot;,&quot;products_columns_tablet&quot;:&quot;3&quot;,&quot;products_columns_mobile&quot;:&quot;1&quot;}\" data-widget_type=\"uael-woo-products.grid-default\">\n\t\t\t\t<div class=\"elementor-widget-container\">\n\t\t\t\t\t<div class=\"uael-woocommerce uael-woo-products-grid uael-woo-skin-grid-default uael-woo-query-all\" data-page=\"2831\" data-skin=\"grid_default\"><div class=\" columns-3 uael-woo-products-inner uael-woo-product__column-3 uael-woo-product__column-tablet-3 uael-woo-product__column-mobile-1 uael-woo-product__hover-zoom\"><ul class=\"products columns-3\">\n\n<li class=\" katalog post-3034 product first instock shipping-taxable product-type-simple\">\n\t<div class=\"uael-woo-product-wrapper\">\n\t\t<div class=\"uael-woo-products-thumbnail-wrap\"><a href=\"https:\/\/www.kes.lt\/sv\/produktas\/12-x-24-m-2\/\" class=\"woocommerce-LoopProduct-link woocommerce-loop-product__link\"><img fetchpriority=\"high\" decoding=\"async\" width=\"500\" height=\"375\" src=\"https:\/\/www.kes.lt\/wp-content\/uploads\/2026\/01\/KES-12x24-2507251-500x375.jpg\" class=\"attachment-woocommerce_thumbnail size-woocommerce_thumbnail\" alt=\"12 x 24 m\" \/><\/a><\/div><div class=\"uael-woo-products-summary-wrap\"><a href=\"https:\/\/www.kes.lt\/sv\/produktas\/12-x-24-m-2\/\" class=\"uael-loop-product__link\"><h2 class=\"woocommerce-loop-product__title\">12 x 24 m<\/h2><\/a><a href=\"https:\/\/www.kes.lt\/sv\/produktas\/12-x-24-m-2\/\" aria-describedby=\"woocommerce_loop_add_to_cart_link_describedby_3034\" data-quantity=\"1\" class=\"button product_type_simple \" data-product_id=\"3034\" data-product_sku=\"\" aria-label=\"L\u00e4s mer om \u201d12 x 24 m\u201d\" rel=\"nofollow\" data-success_message=\"\">L\u00e4s mer<\/a>\t<span id=\"woocommerce_loop_add_to_cart_link_describedby_3034\" class=\"screen-reader-text\">\n\t\t\t<\/span>\n<\/div>\t<\/div>\n<\/li>\n\n<li class=\" katalog post-3009 product  instock shipping-taxable product-type-simple\">\n\t<div class=\"uael-woo-product-wrapper\">\n\t\t<div class=\"uael-woo-products-thumbnail-wrap\"><a href=\"https:\/\/www.kes.lt\/sv\/produktas\/hallbar-24-x-30-m\/\" class=\"woocommerce-LoopProduct-link woocommerce-loop-product__link\"><img decoding=\"async\" width=\"500\" height=\"375\" src=\"https:\/\/www.kes.lt\/wp-content\/uploads\/2026\/01\/KES_MAD-2440-XX-PP-SA__3-7copy-500x375.jpg\" class=\"attachment-woocommerce_thumbnail size-woocommerce_thumbnail\" alt=\"modulhall f\u00f6r lager - projektering\" \/><\/a><\/div><div class=\"uael-woo-products-summary-wrap\"><a href=\"https:\/\/www.kes.lt\/sv\/produktas\/hallbar-24-x-30-m\/\" class=\"uael-loop-product__link\"><h2 class=\"woocommerce-loop-product__title\">24 x 30 m<\/h2><\/a><a href=\"https:\/\/www.kes.lt\/sv\/produktas\/hallbar-24-x-30-m\/\" aria-describedby=\"woocommerce_loop_add_to_cart_link_describedby_3009\" data-quantity=\"1\" class=\"button product_type_simple \" data-product_id=\"3009\" data-product_sku=\"\" aria-label=\"L\u00e4s mer om \u201d24 x 30 m\u201d\" rel=\"nofollow\" data-success_message=\"\">L\u00e4s mer<\/a>\t<span id=\"woocommerce_loop_add_to_cart_link_describedby_3009\" class=\"screen-reader-text\">\n\t\t\t<\/span>\n<\/div>\t<\/div>\n<\/li>\n\n<li class=\" katalog post-2817 product last instock shipping-taxable product-type-simple\">\n\t<div class=\"uael-woo-product-wrapper\">\n\t\t<div class=\"uael-woo-products-thumbnail-wrap\"><a href=\"https:\/\/www.kes.lt\/sv\/produktas\/12-x-12-m\/\" class=\"woocommerce-LoopProduct-link woocommerce-loop-product__link\"><img decoding=\"async\" width=\"500\" height=\"375\" src=\"https:\/\/www.kes.lt\/wp-content\/uploads\/2025\/12\/Outlook-naqupevv-500x375.png\" class=\"attachment-woocommerce_thumbnail size-woocommerce_thumbnail\" alt=\"modul\u00e4r lagerhangar - modell\" \/><\/a><\/div><div class=\"uael-woo-products-summary-wrap\"><a href=\"https:\/\/www.kes.lt\/sv\/produktas\/12-x-12-m\/\" class=\"uael-loop-product__link\"><h2 class=\"woocommerce-loop-product__title\">12 x 12 m<\/h2><\/a><a href=\"https:\/\/www.kes.lt\/sv\/produktas\/12-x-12-m\/\" aria-describedby=\"woocommerce_loop_add_to_cart_link_describedby_2817\" data-quantity=\"1\" class=\"button product_type_simple \" data-product_id=\"2817\" data-product_sku=\"\" aria-label=\"L\u00e4s mer om \u201d12 x 12 m\u201d\" rel=\"nofollow\" data-success_message=\"\">L\u00e4s mer<\/a>\t<span id=\"woocommerce_loop_add_to_cart_link_describedby_2817\" class=\"screen-reader-text\">\n\t\t\t<\/span>\n<\/div>\t<\/div>\n<\/li>\n\n<li class=\" katalog post-2785 product first instock shipping-taxable product-type-simple\">\n\t<div class=\"uael-woo-product-wrapper\">\n\t\t<div class=\"uael-woo-products-thumbnail-wrap\"><a href=\"https:\/\/www.kes.lt\/sv\/produktas\/12-x-14-m\/\" class=\"woocommerce-LoopProduct-link woocommerce-loop-product__link\"><img loading=\"lazy\" decoding=\"async\" width=\"500\" height=\"375\" src=\"https:\/\/www.kes.lt\/wp-content\/uploads\/2025\/12\/KES-12x14-250117-Project-2-500x375.png\" class=\"attachment-woocommerce_thumbnail size-woocommerce_thumbnail\" alt=\"modul\u00e4r lagerhangar - modell\" \/><\/a><\/div><div class=\"uael-woo-products-summary-wrap\"><a href=\"https:\/\/www.kes.lt\/sv\/produktas\/12-x-14-m\/\" class=\"uael-loop-product__link\"><h2 class=\"woocommerce-loop-product__title\">12 x 14 m<\/h2><\/a><a href=\"https:\/\/www.kes.lt\/sv\/produktas\/12-x-14-m\/\" aria-describedby=\"woocommerce_loop_add_to_cart_link_describedby_2785\" data-quantity=\"1\" class=\"button product_type_simple \" data-product_id=\"2785\" data-product_sku=\"\" aria-label=\"L\u00e4s mer om \u201d12 x 14 m\u201d\" rel=\"nofollow\" data-success_message=\"\">L\u00e4s mer<\/a>\t<span id=\"woocommerce_loop_add_to_cart_link_describedby_2785\" class=\"screen-reader-text\">\n\t\t\t<\/span>\n<\/div>\t<\/div>\n<\/li>\n\n<li class=\" katalog post-2809 product  instock shipping-taxable product-type-simple\">\n\t<div class=\"uael-woo-product-wrapper\">\n\t\t<div class=\"uael-woo-products-thumbnail-wrap\"><a href=\"https:\/\/www.kes.lt\/sv\/produktas\/6-x-12-m\/\" class=\"woocommerce-LoopProduct-link woocommerce-loop-product__link\"><img loading=\"lazy\" decoding=\"async\" width=\"500\" height=\"375\" src=\"https:\/\/www.kes.lt\/wp-content\/uploads\/2025\/12\/KES-6X12-20250812-1-500x375.png\" class=\"attachment-woocommerce_thumbnail size-woocommerce_thumbnail\" alt=\"modul\u00e4r lagerhangar - modell\" \/><\/a><\/div><div class=\"uael-woo-products-summary-wrap\"><a href=\"https:\/\/www.kes.lt\/sv\/produktas\/6-x-12-m\/\" class=\"uael-loop-product__link\"><h2 class=\"woocommerce-loop-product__title\">6 x 12 m<\/h2><\/a><a href=\"https:\/\/www.kes.lt\/sv\/produktas\/6-x-12-m\/\" aria-describedby=\"woocommerce_loop_add_to_cart_link_describedby_2809\" data-quantity=\"1\" class=\"button product_type_simple \" data-product_id=\"2809\" data-product_sku=\"\" aria-label=\"L\u00e4s mer om \u201d6 x 12 m\u201d\" rel=\"nofollow\" data-success_message=\"\">L\u00e4s mer<\/a>\t<span id=\"woocommerce_loop_add_to_cart_link_describedby_2809\" class=\"screen-reader-text\">\n\t\t\t<\/span>\n<\/div>\t<\/div>\n<\/li>\n<\/ul>\n<\/div><\/div>\t\t\t\t<\/div>\n\t\t\t\t<\/div>\n\t\t\t\t\t<\/div>\n\t\t\t\t<\/div>\n\t\t<div class=\"elementor-element elementor-element-6271ade e-flex e-con-boxed e-con e-parent\" data-id=\"6271ade\" data-element_type=\"container\">\n\t\t\t\t\t<div class=\"e-con-inner\">\n\t\t\t\t<div class=\"elementor-element elementor-element-56aa4f1 elementor-widget-divider--view-line elementor-widget elementor-widget-divider\" data-id=\"56aa4f1\" data-element_type=\"widget\" data-widget_type=\"divider.default\">\n\t\t\t\t<div class=\"elementor-widget-container\">\n\t\t\t\t\t\t\t<div class=\"elementor-divider\">\n\t\t\t<span class=\"elementor-divider-separator\">\n\t\t\t\t\t\t<\/span>\n\t\t<\/div>\n\t\t\t\t\t\t<\/div>\n\t\t\t\t<\/div>\n\t\t\t\t\t<\/div>\n\t\t\t\t<\/div>\n\t\t<div class=\"elementor-element elementor-element-cca4eb9 e-flex e-con-boxed e-con e-parent\" data-id=\"cca4eb9\" data-element_type=\"container\">\n\t\t\t\t\t<div class=\"e-con-inner\">\n\t\t\t\t<div class=\"elementor-element elementor-element-6511a96 elementor-widget elementor-widget-heading\" data-id=\"6511a96\" data-element_type=\"widget\" data-widget_type=\"heading.default\">\n\t\t\t\t<div class=\"elementor-widget-container\">\n\t\t\t\t\t<h2 class=\"elementor-heading-title elementor-size-default\">Genomf\u00f6rda projekt<\/h2>\t\t\t\t<\/div>\n\t\t\t\t<\/div>\n\t\t\t\t\t<\/div>\n\t\t\t\t<\/div>\n\t\t<div class=\"elementor-element elementor-element-5afbac2 e-flex e-con-boxed e-con e-parent\" data-id=\"5afbac2\" data-element_type=\"container\">\n\t\t\t\t\t<div class=\"e-con-inner\">\n\t\t\t\t<div class=\"elementor-element elementor-element-4961214 elementor-arrows-position-outside elementor-pagination-position-outside elementor-widget elementor-widget-image-carousel\" data-id=\"4961214\" data-element_type=\"widget\" data-settings=\"{&quot;slides_to_show&quot;:&quot;1&quot;,&quot;navigation&quot;:&quot;both&quot;,&quot;autoplay&quot;:&quot;yes&quot;,&quot;pause_on_hover&quot;:&quot;yes&quot;,&quot;pause_on_interaction&quot;:&quot;yes&quot;,&quot;autoplay_speed&quot;:5000,&quot;infinite&quot;:&quot;yes&quot;,&quot;effect&quot;:&quot;slide&quot;,&quot;speed&quot;:500}\" data-widget_type=\"image-carousel.default\">\n\t\t\t\t<div class=\"elementor-widget-container\">\n\t\t\t\t\t\t\t<div class=\"elementor-image-carousel-wrapper swiper\" role=\"region\" aria-roledescription=\"carousel\" aria-label=\"\u012egyvendinti projektai\" dir=\"ltr\">\n\t\t\t<div class=\"elementor-image-carousel swiper-wrapper swiper-image-stretch\" aria-live=\"off\">\n\t\t\t\t\t\t\t\t<div class=\"swiper-slide\" role=\"group\" aria-roledescription=\"slide\" aria-label=\"1 av 6\"><figure class=\"swiper-slide-inner\"><img decoding=\"async\" class=\"swiper-slide-image\" src=\"https:\/\/www.kes.lt\/wp-content\/uploads\/2025\/12\/WhatsApp-Image-2024-01-18-at-15.57.59_0da1c729-1024x640.jpg\" alt=\"modul\u00e4r lagerhangar - monteringsarbeten\" \/><\/figure><\/div><div class=\"swiper-slide\" role=\"group\" aria-roledescription=\"slide\" aria-label=\"2 av 6\"><figure class=\"swiper-slide-inner\"><img decoding=\"async\" class=\"swiper-slide-image\" src=\"https:\/\/www.kes.lt\/wp-content\/uploads\/2025\/12\/genai_image_2bf204e3dd1946f7853fa109390ce63f_1765890217_00001-2-1024x649.jpg\" alt=\"modul\u00e4r lagerhangar - f\u00e4rdigst\u00e4lld Kaunas\" \/><\/figure><\/div><div class=\"swiper-slide\" role=\"group\" aria-roledescription=\"slide\" aria-label=\"3 av 6\"><figure class=\"swiper-slide-inner\"><img decoding=\"async\" class=\"swiper-slide-image\" src=\"https:\/\/www.kes.lt\/wp-content\/uploads\/2024\/03\/Angaras6-1024x595.jpg\" alt=\"modul\u00e4r lagerhangar - i drift Prienai\" \/><\/figure><\/div><div class=\"swiper-slide\" role=\"group\" aria-roledescription=\"slide\" aria-label=\"4 av 6\"><figure class=\"swiper-slide-inner\"><img decoding=\"async\" class=\"swiper-slide-image\" src=\"https:\/\/www.kes.lt\/wp-content\/uploads\/2024\/03\/angaras4-1024x595.jpg\" alt=\"modul\u00e4r lagerhangar - f\u00e4rdigst\u00e4llt\" \/><\/figure><\/div><div class=\"swiper-slide\" role=\"group\" aria-roledescription=\"slide\" aria-label=\"5 av 6\"><figure class=\"swiper-slide-inner\"><img decoding=\"async\" class=\"swiper-slide-image\" src=\"https:\/\/www.kes.lt\/wp-content\/uploads\/2024\/03\/angaras2-1024x595.jpg\" alt=\"modul\u00e4r lagerhangar - Elektr\u0117nai\" \/><\/figure><\/div><div class=\"swiper-slide\" role=\"group\" aria-roledescription=\"slide\" aria-label=\"6 av 6\"><figure class=\"swiper-slide-inner\"><img decoding=\"async\" class=\"swiper-slide-image\" src=\"https:\/\/www.kes.lt\/wp-content\/uploads\/2024\/03\/Angaras1-1024x595.jpg\" alt=\"modul\u00e4r lagerhangar - produktion\" \/><\/figure><\/div>\t\t\t<\/div>\n\t\t\t\t\t\t\t\t\t\t\t\t<div class=\"elementor-swiper-button elementor-swiper-button-prev\" role=\"button\" tabindex=\"0\">\n\t\t\t\t\t\t<svg aria-hidden=\"true\" class=\"e-font-icon-svg e-eicon-chevron-left\" viewBox=\"0 0 1000 1000\" xmlns=\"http:\/\/www.w3.org\/2000\/svg\"><path d=\"M646 125C629 125 613 133 604 142L308 442C296 454 292 471 292 487 292 504 296 521 308 533L604 854C617 867 629 875 646 875 663 875 679 871 692 858 704 846 713 829 713 812 713 796 708 779 692 767L438 487 692 225C700 217 708 204 708 187 708 171 704 154 692 142 675 129 663 125 646 125Z\"><\/path><\/svg>\t\t\t\t\t<\/div>\n\t\t\t\t\t<div class=\"elementor-swiper-button elementor-swiper-button-next\" role=\"button\" tabindex=\"0\">\n\t\t\t\t\t\t<svg aria-hidden=\"true\" class=\"e-font-icon-svg e-eicon-chevron-right\" viewBox=\"0 0 1000 1000\" xmlns=\"http:\/\/www.w3.org\/2000\/svg\"><path d=\"M696 533C708 521 713 504 713 487 713 471 708 454 696 446L400 146C388 133 375 125 354 125 338 125 325 129 313 142 300 154 292 171 292 187 292 204 296 221 308 233L563 492 304 771C292 783 288 800 288 817 288 833 296 850 308 863 321 871 338 875 354 875 371 875 388 867 400 854L696 533Z\"><\/path><\/svg>\t\t\t\t\t<\/div>\n\t\t\t\t\n\t\t\t\t\t\t\t\t\t<div class=\"swiper-pagination\"><\/div>\n\t\t\t\t\t\t\t\t\t<\/div>\n\t\t\t\t\t\t<\/div>\n\t\t\t\t<\/div>\n\t\t\t\t\t<\/div>\n\t\t\t\t<\/div>\n\t\t<div class=\"elementor-element elementor-element-7a336f1 e-flex e-con-boxed e-con e-parent\" data-id=\"7a336f1\" data-element_type=\"container\" data-settings=\"{&quot;background_background&quot;:&quot;classic&quot;}\">\n\t\t\t\t\t<div class=\"e-con-inner\">\n\t\t\t\t<div class=\"elementor-element elementor-element-31d2f21 elementor-widget elementor-widget-spacer\" data-id=\"31d2f21\" data-element_type=\"widget\" data-widget_type=\"spacer.default\">\n\t\t\t\t<div class=\"elementor-widget-container\">\n\t\t\t\t\t\t\t<div class=\"elementor-spacer\">\n\t\t\t<div class=\"elementor-spacer-inner\"><\/div>\n\t\t<\/div>\n\t\t\t\t\t\t<\/div>\n\t\t\t\t<\/div>\n\t\t\t\t\t<\/div>\n\t\t\t\t<\/div>\n\t\t\t\t<\/div>\n\t\t","protected":false},"excerpt":{"rendered":"<p>Katalog 24 x 30 m Daugiau 12 x 24 m Daugiau 12 x 12 m Daugiau 12 x 14 m Daugiau 6 x 12 m Daugiau Genomf\u00f6rda projekt<\/p>\n","protected":false},"author":1,"featured_media":0,"parent":0,"menu_order":0,"comment_status":"closed","ping_status":"closed","template":"","meta":{"site-sidebar-layout":"no-sidebar","site-content-layout":"page-builder","ast-site-content-layout":"full-width-container","site-content-style":"unboxed","site-sidebar-style":"unboxed","ast-global-header-display":"","ast-banner-title-visibility":"","ast-main-header-display":"","ast-hfb-above-header-display":"","ast-hfb-below-header-display":"","ast-hfb-mobile-header-display":"","site-post-title":"disabled","ast-breadcrumbs-content":"","ast-featured-img":"disabled","footer-sml-layout":"","theme-transparent-header-meta":"","adv-header-id-meta":"","stick-header-meta":"","header-above-stick-meta":"","header-main-stick-meta":"","header-below-stick-meta":"","astra-migrate-meta-layouts":"default","ast-page-background-enabled":"default","ast-page-background-meta":{"desktop":{"background-color":"","background-image":"","background-repeat":"repeat","background-position":"center center","background-size":"auto","background-attachment":"scroll","background-type":"","background-media":"","overlay-type":"","overlay-color":"","overlay-opacity":"","overlay-gradient":""},"tablet":{"background-color":"","background-image":"","background-repeat":"repeat","background-position":"center center","background-size":"auto","background-attachment":"scroll","background-type":"","background-media":"","overlay-type":"","overlay-color":"","overlay-opacity":"","overlay-gradient":""},"mobile":{"background-color":"","background-image":"","background-repeat":"repeat","background-position":"center center","background-size":"auto","background-attachment":"scroll","background-type":"","background-media":"","overlay-type":"","overlay-color":"","overlay-opacity":"","overlay-gradient":""}},"ast-content-background-meta":{"desktop":{"background-color":"var(--ast-global-color-5)","background-image":"","background-repeat":"repeat","background-position":"center center","background-size":"auto","background-attachment":"scroll","background-type":"","background-media":"","overlay-type":"","overlay-color":"","overlay-opacity":"","overlay-gradient":""},"tablet":{"background-color":"var(--ast-global-color-5)","background-image":"","background-repeat":"repeat","background-position":"center center","background-size":"auto","background-attachment":"scroll","background-type":"","background-media":"","overlay-type":"","overlay-color":"","overlay-opacity":"","overlay-gradient":""},"mobile":{"background-color":"var(--ast-global-color-5)","background-image":"","background-repeat":"repeat","background-position":"center center","background-size":"auto","background-attachment":"scroll","background-type":"","background-media":"","overlay-type":"","overlay-color":"","overlay-opacity":"","overlay-gradient":""}},"footnotes":""},"class_list":["post-2831","page","type-page","status-publish","hentry","desktop-align-center","tablet-align-left","mobile-align-left","ast-product-gallery-layout-horizontal-slider","ast-product-tabs-layout-horizontal"],"yoast_head":"<!-- This site is optimized with the Yoast SEO Premium plugin v23.2 (Yoast SEO v23.2) - https:\/\/yoast.com\/wordpress\/plugins\/seo\/ -->\n<title>Katalog | KES Statyba<\/title>\n<meta name=\"description\" content=\"Letar du efter en prisv\u00e4rd hangar f\u00f6r f\u00f6rvaring? Katalogen med designade hangarer erbjuder utm\u00e4rkta alternativ f\u00f6r dina behov.\" \/>\n<meta name=\"robots\" content=\"index, follow, max-snippet:-1, max-image-preview:large, max-video-preview:-1\" \/>\n<link rel=\"canonical\" href=\"https:\/\/www.kes.lt\/sv\/katalog\/\" \/>\n<meta property=\"og:locale\" content=\"sv_SE\" \/>\n<meta property=\"og:type\" content=\"article\" \/>\n<meta property=\"og:title\" content=\"Katalog\" \/>\n<meta property=\"og:description\" content=\"Letar du efter en prisv\u00e4rd hangar f\u00f6r f\u00f6rvaring? Katalogen med designade hangarer erbjuder utm\u00e4rkta alternativ f\u00f6r dina behov.\" \/>\n<meta property=\"og:url\" content=\"https:\/\/www.kes.lt\/sv\/katalog\/\" \/>\n<meta property=\"og:site_name\" content=\"KES Statyba\" \/>\n<meta property=\"article:publisher\" content=\"https:\/\/www.facebook.com\/profile.php?id=61555989451971\" \/>\n<meta property=\"article:modified_time\" content=\"2026-01-08T20:02:58+00:00\" \/>\n<meta property=\"og:image\" content=\"https:\/\/www.kes.lt\/wp-content\/uploads\/2026\/01\/KES_MAD-2440-XX-PP-SA__3-7copy-500x375.jpg\" \/>\n<meta name=\"twitter:card\" content=\"summary_large_image\" \/>\n<script type=\"application\/ld+json\" class=\"yoast-schema-graph\">{\"@context\":\"https:\/\/schema.org\",\"@graph\":[{\"@type\":\"WebPage\",\"@id\":\"https:\/\/www.kes.lt\/sv\/katalog\/\",\"url\":\"https:\/\/www.kes.lt\/sv\/katalog\/\",\"name\":\"Katalog | KES Statyba\",\"isPartOf\":{\"@id\":\"https:\/\/www.kes.lt\/sv\/#website\"},\"primaryImageOfPage\":{\"@id\":\"https:\/\/www.kes.lt\/sv\/katalog\/#primaryimage\"},\"image\":{\"@id\":\"https:\/\/www.kes.lt\/sv\/katalog\/#primaryimage\"},\"thumbnailUrl\":\"https:\/\/www.kes.lt\/wp-content\/uploads\/2026\/01\/KES_MAD-2440-XX-PP-SA__3-7copy-500x375.jpg\",\"datePublished\":\"2025-12-30T11:27:10+00:00\",\"dateModified\":\"2026-01-08T20:02:58+00:00\",\"description\":\"Letar du efter en prisv\u00e4rd hangar f\u00f6r f\u00f6rvaring? Katalogen med designade hangarer erbjuder utm\u00e4rkta alternativ f\u00f6r dina behov.\",\"breadcrumb\":{\"@id\":\"https:\/\/www.kes.lt\/sv\/katalog\/#breadcrumb\"},\"inLanguage\":\"sv-SE\",\"potentialAction\":[{\"@type\":\"ReadAction\",\"target\":[\"https:\/\/www.kes.lt\/sv\/katalog\/\"]}]},{\"@type\":\"ImageObject\",\"inLanguage\":\"sv-SE\",\"@id\":\"https:\/\/www.kes.lt\/sv\/katalog\/#primaryimage\",\"url\":\"https:\/\/www.kes.lt\/wp-content\/uploads\/2026\/01\/KES_MAD-2440-XX-PP-SA__3-7copy-500x375.jpg\",\"contentUrl\":\"https:\/\/www.kes.lt\/wp-content\/uploads\/2026\/01\/KES_MAD-2440-XX-PP-SA__3-7copy-500x375.jpg\"},{\"@type\":\"BreadcrumbList\",\"@id\":\"https:\/\/www.kes.lt\/sv\/katalog\/#breadcrumb\",\"itemListElement\":[{\"@type\":\"ListItem\",\"position\":1,\"name\":\"Home\",\"item\":\"https:\/\/www.kes.lt\/sv\/huvudsida\/\"},{\"@type\":\"ListItem\",\"position\":2,\"name\":\"Katalog\"}]},{\"@type\":\"WebSite\",\"@id\":\"https:\/\/www.kes.lt\/sv\/#website\",\"url\":\"https:\/\/www.kes.lt\/sv\/\",\"name\":\"KES Statyba\",\"description\":\"Angar\u0173 statyba - geriausios kainos rinkoje!\",\"publisher\":{\"@id\":\"https:\/\/www.kes.lt\/sv\/#organization\"},\"potentialAction\":[{\"@type\":\"SearchAction\",\"target\":{\"@type\":\"EntryPoint\",\"urlTemplate\":\"https:\/\/www.kes.lt\/sv\/?s={search_term_string}\"},\"query-input\":\"required name=search_term_string\"}],\"inLanguage\":\"sv-SE\"},{\"@type\":\"Organization\",\"@id\":\"https:\/\/www.kes.lt\/sv\/#organization\",\"name\":\"KES Statyba\",\"url\":\"https:\/\/www.kes.lt\/sv\/\",\"logo\":{\"@type\":\"ImageObject\",\"inLanguage\":\"sv-SE\",\"@id\":\"https:\/\/www.kes.lt\/sv\/#\/schema\/logo\/image\/\",\"url\":\"https:\/\/www.kes.lt\/wp-content\/uploads\/2024\/01\/cropped-kes-statyba-logo-didelis.png\",\"contentUrl\":\"https:\/\/www.kes.lt\/wp-content\/uploads\/2024\/01\/cropped-kes-statyba-logo-didelis.png\",\"width\":600,\"height\":220,\"caption\":\"KES Statyba\"},\"image\":{\"@id\":\"https:\/\/www.kes.lt\/sv\/#\/schema\/logo\/image\/\"},\"sameAs\":[\"https:\/\/www.facebook.com\/profile.php?id=61555989451971\",\"https:\/\/www.instagram.com\/kesstatyba?igsh=MWN4amNrazlsenllYQ==\"],\"email\":\"info@kes.lt\"}]}<\/script>\n<!-- \/ Yoast SEO Premium plugin. -->","yoast_head_json":{"title":"Katalog | KES Statyba","description":"Letar du efter en prisv\u00e4rd hangar f\u00f6r f\u00f6rvaring? Katalogen med designade hangarer erbjuder utm\u00e4rkta alternativ f\u00f6r dina behov.","robots":{"index":"index","follow":"follow","max-snippet":"max-snippet:-1","max-image-preview":"max-image-preview:large","max-video-preview":"max-video-preview:-1"},"canonical":"https:\/\/www.kes.lt\/sv\/katalog\/","og_locale":"sv_SE","og_type":"article","og_title":"Katalog","og_description":"Letar du efter en prisv\u00e4rd hangar f\u00f6r f\u00f6rvaring? Katalogen med designade hangarer erbjuder utm\u00e4rkta alternativ f\u00f6r dina behov.","og_url":"https:\/\/www.kes.lt\/sv\/katalog\/","og_site_name":"KES Statyba","article_publisher":"https:\/\/www.facebook.com\/profile.php?id=61555989451971","article_modified_time":"2026-01-08T20:02:58+00:00","og_image":[{"url":"https:\/\/www.kes.lt\/wp-content\/uploads\/2026\/01\/KES_MAD-2440-XX-PP-SA__3-7copy-500x375.jpg"}],"twitter_card":"summary_large_image","schema":{"@context":"https:\/\/schema.org","@graph":[{"@type":"WebPage","@id":"https:\/\/www.kes.lt\/sv\/katalog\/","url":"https:\/\/www.kes.lt\/sv\/katalog\/","name":"Katalog | KES Statyba","isPartOf":{"@id":"https:\/\/www.kes.lt\/sv\/#website"},"primaryImageOfPage":{"@id":"https:\/\/www.kes.lt\/sv\/katalog\/#primaryimage"},"image":{"@id":"https:\/\/www.kes.lt\/sv\/katalog\/#primaryimage"},"thumbnailUrl":"https:\/\/www.kes.lt\/wp-content\/uploads\/2026\/01\/KES_MAD-2440-XX-PP-SA__3-7copy-500x375.jpg","datePublished":"2025-12-30T11:27:10+00:00","dateModified":"2026-01-08T20:02:58+00:00","description":"Letar du efter en prisv\u00e4rd hangar f\u00f6r f\u00f6rvaring? Katalogen med designade hangarer erbjuder utm\u00e4rkta alternativ f\u00f6r dina behov.","breadcrumb":{"@id":"https:\/\/www.kes.lt\/sv\/katalog\/#breadcrumb"},"inLanguage":"sv-SE","potentialAction":[{"@type":"ReadAction","target":["https:\/\/www.kes.lt\/sv\/katalog\/"]}]},{"@type":"ImageObject","inLanguage":"sv-SE","@id":"https:\/\/www.kes.lt\/sv\/katalog\/#primaryimage","url":"https:\/\/www.kes.lt\/wp-content\/uploads\/2026\/01\/KES_MAD-2440-XX-PP-SA__3-7copy-500x375.jpg","contentUrl":"https:\/\/www.kes.lt\/wp-content\/uploads\/2026\/01\/KES_MAD-2440-XX-PP-SA__3-7copy-500x375.jpg"},{"@type":"BreadcrumbList","@id":"https:\/\/www.kes.lt\/sv\/katalog\/#breadcrumb","itemListElement":[{"@type":"ListItem","position":1,"name":"Home","item":"https:\/\/www.kes.lt\/sv\/huvudsida\/"},{"@type":"ListItem","position":2,"name":"Katalog"}]},{"@type":"WebSite","@id":"https:\/\/www.kes.lt\/sv\/#website","url":"https:\/\/www.kes.lt\/sv\/","name":"KES Statyba","description":"Angar\u0173 statyba - geriausios kainos rinkoje!","publisher":{"@id":"https:\/\/www.kes.lt\/sv\/#organization"},"potentialAction":[{"@type":"SearchAction","target":{"@type":"EntryPoint","urlTemplate":"https:\/\/www.kes.lt\/sv\/?s={search_term_string}"},"query-input":"required name=search_term_string"}],"inLanguage":"sv-SE"},{"@type":"Organization","@id":"https:\/\/www.kes.lt\/sv\/#organization","name":"KES Statyba","url":"https:\/\/www.kes.lt\/sv\/","logo":{"@type":"ImageObject","inLanguage":"sv-SE","@id":"https:\/\/www.kes.lt\/sv\/#\/schema\/logo\/image\/","url":"https:\/\/www.kes.lt\/wp-content\/uploads\/2024\/01\/cropped-kes-statyba-logo-didelis.png","contentUrl":"https:\/\/www.kes.lt\/wp-content\/uploads\/2024\/01\/cropped-kes-statyba-logo-didelis.png","width":600,"height":220,"caption":"KES Statyba"},"image":{"@id":"https:\/\/www.kes.lt\/sv\/#\/schema\/logo\/image\/"},"sameAs":["https:\/\/www.facebook.com\/profile.php?id=61555989451971","https:\/\/www.instagram.com\/kesstatyba?igsh=MWN4amNrazlsenllYQ=="],"email":"info@kes.lt"}]}},"_links":{"self":[{"href":"https:\/\/www.kes.lt\/sv\/wp-json\/wp\/v2\/pages\/2831","targetHints":{"allow":["GET"]}}],"collection":[{"href":"https:\/\/www.kes.lt\/sv\/wp-json\/wp\/v2\/pages"}],"about":[{"href":"https:\/\/www.kes.lt\/sv\/wp-json\/wp\/v2\/types\/page"}],"author":[{"embeddable":true,"href":"https:\/\/www.kes.lt\/sv\/wp-json\/wp\/v2\/users\/1"}],"replies":[{"embeddable":true,"href":"https:\/\/www.kes.lt\/sv\/wp-json\/wp\/v2\/comments?post=2831"}],"version-history":[{"count":2,"href":"https:\/\/www.kes.lt\/sv\/wp-json\/wp\/v2\/pages\/2831\/revisions"}],"predecessor-version":[{"id":3018,"href":"https:\/\/www.kes.lt\/sv\/wp-json\/wp\/v2\/pages\/2831\/revisions\/3018"}],"wp:attachment":[{"href":"https:\/\/www.kes.lt\/sv\/wp-json\/wp\/v2\/media?parent=2831"}],"curies":[{"name":"wp","href":"https:\/\/api.w.org\/{rel}","templated":true}]}}